{"id":13355,"date":"2019-10-10T08:36:34","date_gmt":"2019-10-10T08:36:35","guid":{"rendered":"https:\/\/cerveceroscaseros.com\/?post_type=product&#038;p=13355"},"modified":"2020-06-16T08:12:37","modified_gmt":"2020-06-16T08:12:37","slug":"simpsons-malt-finest-pale-ale-golden-promise","status":"publish","type":"product","link":"https:\/\/www.agronetbrewing.com\/fr\/productos\/malts\/simpsons-malt-fr\/malt-de-base\/simpsons-malt-finest-pale-ale-golden-promise\/","title":{"rendered":"SIMPSONS MALT Finest Pale Ale Golden Promise"},"content":{"rendered":"","protected":false},"excerpt":{"rendered":"<p>Un malt bien \u00e9quilibr\u00e9 et performant qui fait la part belle au houblon. Cela donne une belle sensation en bouche pour \u00e9quilibrer la bi\u00e8re m\u00eame avec les houblons les plus coupants.<br \/>\nPour <em>Session IPA\u2019s<\/em>, bi\u00e8res tr\u00e8s houblonn\u00e9es, <em>Cask Ales<\/em>, <em>Smash Beers<\/em> et toute bi\u00e8re premium.<\/p>\n<p><span style=\"color: #000000;\"><a style=\"color: #000000;\" href=\"https:\/\/www.simpsonsmalt.co.uk\/our-malts\/finest-pale-ale-golden-promise\/\" target=\"_blank\" rel=\"noopener noreferrer\"><strong>&lt; Plus d&rsquo;informations<\/strong><\/a><\/span><\/p>\n","protected":false},"featured_media":4561,"template":"","meta":[],"pwb-brand":[],"product_brand":[],"product_cat":[205],"product_tag":[],"class_list":{"0":"post-13355","1":"product","2":"type-product","3":"status-publish","4":"has-post-thumbnail","6":"product_cat-malt-de-base","8":"first","9":"instock","10":"taxable","11":"shipping-taxable","12":"product-type-variable","13":"has-default-attributes","14":"customify-col","15":"product-has-gallery"},"brands":[],"_links":{"self":[{"href":"https:\/\/www.agronetbrewing.com\/fr\/wp-json\/wp\/v2\/product\/13355","targetHints":{"allow":["GET"]}}],"collection":[{"href":"https:\/\/www.agronetbrewing.com\/fr\/wp-json\/wp\/v2\/product"}],"about":[{"href":"https:\/\/www.agronetbrewing.com\/fr\/wp-json\/wp\/v2\/types\/product"}],"version-history":[{"count":0,"href":"https:\/\/www.agronetbrewing.com\/fr\/wp-json\/wp\/v2\/product\/13355\/revisions"}],"wp:featuredmedia":[{"embeddable":true,"href":"https:\/\/www.agronetbrewing.com\/fr\/wp-json\/wp\/v2\/media\/4561"}],"wp:attachment":[{"href":"https:\/\/www.agronetbrewing.com\/fr\/wp-json\/wp\/v2\/media?parent=13355"}],"wp:term":[{"taxonomy":"pwb-brand","embeddable":true,"href":"https:\/\/www.agronetbrewing.com\/fr\/wp-json\/wp\/v2\/pwb-brand?post=13355"},{"taxonomy":"product_brand","embeddable":true,"href":"https:\/\/www.agronetbrewing.com\/fr\/wp-json\/wp\/v2\/product_brand?post=13355"},{"taxonomy":"product_cat","embeddable":true,"href":"https:\/\/www.agronetbrewing.com\/fr\/wp-json\/wp\/v2\/product_cat?post=13355"},{"taxonomy":"product_tag","embeddable":true,"href":"https:\/\/www.agronetbrewing.com\/fr\/wp-json\/wp\/v2\/product_tag?post=13355"}],"curies":[{"name":"wp","href":"https:\/\/api.w.org\/{rel}","templated":true}]}}