{"id":16078,"date":"2020-02-27T07:30:30","date_gmt":"2020-02-27T07:30:33","guid":{"rendered":"https:\/\/www.agronetbrewing.com\/?post_type=product&#038;p=16078"},"modified":"2025-02-13T09:41:21","modified_gmt":"2025-02-13T08:41:21","slug":"lalbrew-kveik-ale-yeast-voss","status":"publish","type":"product","link":"https:\/\/www.agronetbrewing.com\/fr\/productos\/levure-et-bacteries\/lallemand-fr\/premium-series-fr\/lalbrew-kveik-ale-yeast-voss\/","title":{"rendered":"LalBrew\u2122 Kveik Ale Yeast VOSS"},"content":{"rendered":"","protected":false},"excerpt":{"rendered":"<p><em>Saccharomyces cerevisiae<\/em> originaire d&rsquo;<strong>Autriche<br \/>\n<\/strong> Le profil aromatique est homog\u00e8ne sur toute la plage de temp\u00e9rature: neutre avec de l\u00e9g\u00e8res notes d&rsquo;orange et d&rsquo;agrumes. La floculation est tr\u00e8s \u00e9lev\u00e9e, produisant des bi\u00e8res claires sans besoin de filtration ou d&rsquo;autres auxiliaires de fabrication.<\/p>\n","protected":false},"featured_media":16083,"template":"","meta":[],"pwb-brand":[1011],"product_brand":[],"product_cat":[189],"product_tag":[],"class_list":{"0":"post-16078","1":"product","2":"type-product","3":"status-publish","4":"has-post-thumbnail","6":"pwb-brand-lallemand_brewing","7":"product_cat-premium-series-fr","9":"first","10":"instock","11":"taxable","12":"shipping-taxable","13":"product-type-variable","14":"customify-col"},"brands":[{"id":1011,"name":"LALLEMAND BREWING","slug":"lallemand_brewing"}],"_links":{"self":[{"href":"https:\/\/www.agronetbrewing.com\/fr\/wp-json\/wp\/v2\/product\/16078","targetHints":{"allow":["GET"]}}],"collection":[{"href":"https:\/\/www.agronetbrewing.com\/fr\/wp-json\/wp\/v2\/product"}],"about":[{"href":"https:\/\/www.agronetbrewing.com\/fr\/wp-json\/wp\/v2\/types\/product"}],"version-history":[{"count":1,"href":"https:\/\/www.agronetbrewing.com\/fr\/wp-json\/wp\/v2\/product\/16078\/revisions"}],"predecessor-version":[{"id":24161,"href":"https:\/\/www.agronetbrewing.com\/fr\/wp-json\/wp\/v2\/product\/16078\/revisions\/24161"}],"wp:featuredmedia":[{"embeddable":true,"href":"https:\/\/www.agronetbrewing.com\/fr\/wp-json\/wp\/v2\/media\/16083"}],"wp:attachment":[{"href":"https:\/\/www.agronetbrewing.com\/fr\/wp-json\/wp\/v2\/media?parent=16078"}],"wp:term":[{"taxonomy":"pwb-brand","embeddable":true,"href":"https:\/\/www.agronetbrewing.com\/fr\/wp-json\/wp\/v2\/pwb-brand?post=16078"},{"taxonomy":"product_brand","embeddable":true,"href":"https:\/\/www.agronetbrewing.com\/fr\/wp-json\/wp\/v2\/product_brand?post=16078"},{"taxonomy":"product_cat","embeddable":true,"href":"https:\/\/www.agronetbrewing.com\/fr\/wp-json\/wp\/v2\/product_cat?post=16078"},{"taxonomy":"product_tag","embeddable":true,"href":"https:\/\/www.agronetbrewing.com\/fr\/wp-json\/wp\/v2\/product_tag?post=16078"}],"curies":[{"name":"wp","href":"https:\/\/api.w.org\/{rel}","templated":true}]}}