{"id":16304,"date":"2019-11-04T12:39:23","date_gmt":"2020-03-10T10:36:41","guid":{"rendered":"https:\/\/www.agronetbrewing.com\/producto\/wildbrew-helveticus-pitch"},"modified":"2025-02-13T09:37:07","modified_gmt":"2025-02-13T08:37:07","slug":"wildbrew-helveticus-pitch","status":"publish","type":"product","link":"https:\/\/www.agronetbrewing.com\/fr\/productos\/levure-et-bacteries\/lallemand-fr\/wildbrew-series-fr\/wildbrew-helveticus-pitch\/","title":{"rendered":"WildBrew \u2122 Helveticus Pitch"},"content":{"rendered":"","protected":false},"excerpt":{"rendered":"<p>WildBrew \u2122 Helveticus Pitch Il s&rsquo;agit d&rsquo;une bact\u00e9rie d&rsquo;acide lactique de haute performance et de haute puret\u00e9 sp\u00e9cialement s\u00e9lectionn\u00e9e pour sa capacit\u00e9 \u00e0 produire une large gamme de styles de bi\u00e8re aigre.<br \/>\nWildBrew \u2122 Helveticus Pitch produit un profil de saveur d&rsquo;agrumes intense et aigu typique des styles de bi\u00e8re aigre traditionnelle et moderne. Lorsqu&rsquo;il est inocul\u00e9 \u00e0 la temp\u00e9rature optimale et dans les bonnes conditions, c&rsquo;est un moyen puissant, s\u00fbr et facile de manipuler les bact\u00e9ries pour diverses techniques d&rsquo;amarrage de la bi\u00e8re, comme un processus d&rsquo;amarrage de bouilloire typique.. En plus de fournir des performances exceptionnelles, WildBrew \u2122 Helveticus Pitch est en mesure d&rsquo;offrir des r\u00e9sultats coh\u00e9rents aux brasseurs.<\/p>\n","protected":false},"featured_media":14733,"template":"","meta":[],"pwb-brand":[],"product_brand":[],"product_cat":[159],"product_tag":[],"class_list":{"0":"post-16304","1":"product","2":"type-product","3":"status-publish","4":"has-post-thumbnail","6":"product_cat-wildbrew-series-fr","8":"first","9":"instock","10":"taxable","11":"shipping-taxable","12":"product-type-variable","13":"customify-col","14":"product-has-gallery"},"brands":[],"_links":{"self":[{"href":"https:\/\/www.agronetbrewing.com\/fr\/wp-json\/wp\/v2\/product\/16304","targetHints":{"allow":["GET"]}}],"collection":[{"href":"https:\/\/www.agronetbrewing.com\/fr\/wp-json\/wp\/v2\/product"}],"about":[{"href":"https:\/\/www.agronetbrewing.com\/fr\/wp-json\/wp\/v2\/types\/product"}],"version-history":[{"count":1,"href":"https:\/\/www.agronetbrewing.com\/fr\/wp-json\/wp\/v2\/product\/16304\/revisions"}],"predecessor-version":[{"id":24157,"href":"https:\/\/www.agronetbrewing.com\/fr\/wp-json\/wp\/v2\/product\/16304\/revisions\/24157"}],"wp:featuredmedia":[{"embeddable":true,"href":"https:\/\/www.agronetbrewing.com\/fr\/wp-json\/wp\/v2\/media\/14733"}],"wp:attachment":[{"href":"https:\/\/www.agronetbrewing.com\/fr\/wp-json\/wp\/v2\/media?parent=16304"}],"wp:term":[{"taxonomy":"pwb-brand","embeddable":true,"href":"https:\/\/www.agronetbrewing.com\/fr\/wp-json\/wp\/v2\/pwb-brand?post=16304"},{"taxonomy":"product_brand","embeddable":true,"href":"https:\/\/www.agronetbrewing.com\/fr\/wp-json\/wp\/v2\/product_brand?post=16304"},{"taxonomy":"product_cat","embeddable":true,"href":"https:\/\/www.agronetbrewing.com\/fr\/wp-json\/wp\/v2\/product_cat?post=16304"},{"taxonomy":"product_tag","embeddable":true,"href":"https:\/\/www.agronetbrewing.com\/fr\/wp-json\/wp\/v2\/product_tag?post=16304"}],"curies":[{"name":"wp","href":"https:\/\/api.w.org\/{rel}","templated":true}]}}