{"id":16348,"date":"2020-02-10T10:23:49","date_gmt":"2020-03-17T11:55:08","guid":{"rendered":"https:\/\/www.agronetbrewing.com\/producto\/checker-alcalinite-ref-hi775"},"modified":"2020-03-17T12:02:07","modified_gmt":"2020-03-17T12:02:07","slug":"checker-alcalinidad-ref-hi775-2","status":"publish","type":"product","link":"https:\/\/www.agronetbrewing.com\/fr\/productos\/instruments-de-mesure\/chlore-et-peracetico\/checker-alcalinidad-ref-hi775-2\/","title":{"rendered":"Checker Alcalinit\u00e9 ref. HI775"},"content":{"rendered":"","protected":false},"excerpt":{"rendered":"<p>Le mesureur d&rsquo;alcalinit\u00e9 de poche pour l&rsquo;eau potable, Checker HI775, est un colorim\u00e8tre num\u00e9rique pour les tests d&rsquo;alcalinit\u00e9. Le v\u00e9rificateur d&rsquo;alcalinit\u00e9 de l&rsquo;eau potable, HI775, est fourni avec des cuvettes avec couvercle (2), r\u00e9actif pour 25 tests, batterie.<\/p>\n<ul>\n<li>Mesures pr\u00e9cises et faciles<\/li>\n<li>Affichage direct de la valeur d&rsquo;alcalinit\u00e9<\/li>\n<li>Rang: 0,00 a 5 mg\/l<\/li>\n<\/ul>\n","protected":false},"featured_media":15920,"template":"","meta":[],"pwb-brand":[],"product_brand":[],"product_cat":[152],"product_tag":[],"class_list":{"0":"post-16348","1":"product","2":"type-product","3":"status-publish","4":"has-post-thumbnail","6":"product_cat-chlore-et-peracetico","8":"first","9":"instock","10":"taxable","11":"shipping-taxable","12":"product-type-simple","13":"customify-col"},"brands":[],"_links":{"self":[{"href":"https:\/\/www.agronetbrewing.com\/fr\/wp-json\/wp\/v2\/product\/16348","targetHints":{"allow":["GET"]}}],"collection":[{"href":"https:\/\/www.agronetbrewing.com\/fr\/wp-json\/wp\/v2\/product"}],"about":[{"href":"https:\/\/www.agronetbrewing.com\/fr\/wp-json\/wp\/v2\/types\/product"}],"version-history":[{"count":0,"href":"https:\/\/www.agronetbrewing.com\/fr\/wp-json\/wp\/v2\/product\/16348\/revisions"}],"wp:featuredmedia":[{"embeddable":true,"href":"https:\/\/www.agronetbrewing.com\/fr\/wp-json\/wp\/v2\/media\/15920"}],"wp:attachment":[{"href":"https:\/\/www.agronetbrewing.com\/fr\/wp-json\/wp\/v2\/media?parent=16348"}],"wp:term":[{"taxonomy":"pwb-brand","embeddable":true,"href":"https:\/\/www.agronetbrewing.com\/fr\/wp-json\/wp\/v2\/pwb-brand?post=16348"},{"taxonomy":"product_brand","embeddable":true,"href":"https:\/\/www.agronetbrewing.com\/fr\/wp-json\/wp\/v2\/product_brand?post=16348"},{"taxonomy":"product_cat","embeddable":true,"href":"https:\/\/www.agronetbrewing.com\/fr\/wp-json\/wp\/v2\/product_cat?post=16348"},{"taxonomy":"product_tag","embeddable":true,"href":"https:\/\/www.agronetbrewing.com\/fr\/wp-json\/wp\/v2\/product_tag?post=16348"}],"curies":[{"name":"wp","href":"https:\/\/api.w.org\/{rel}","templated":true}]}}