{"id":16351,"date":"2020-02-10T10:53:14","date_gmt":"2020-03-18T07:06:20","guid":{"rendered":"https:\/\/www.agronetbrewing.com\/producto\/refractometre-ref-hi96841"},"modified":"2020-03-18T07:10:40","modified_gmt":"2020-03-18T07:10:40","slug":"refractometro-digital-para-fabricacion-de-cerveza-ref-hi96841-2","status":"publish","type":"product","link":"https:\/\/www.agronetbrewing.com\/fr\/productos\/instruments-de-mesure\/refractrometres\/refractometro-digital-para-fabricacion-de-cerveza-ref-hi96841-2\/","title":{"rendered":"R\u00e9fractom\u00e8tre ref. HI96841"},"content":{"rendered":"","protected":false},"excerpt":{"rendered":"<p>Le r\u00e9fractom\u00e8tre de brassage num\u00e9rique HI96841 de Hanna mesure la teneur en sucre du mo\u00fbt et le transforme en \u00b0 Platon en appuyant sur un bouton. Le r\u00e9fractom\u00e8tre HI96841 est robuste pour une utilisation dans un environnement de brassage, rapide (r\u00e9ponse de 1,5 seconde), facile \u00e0 utiliser \/ \u00e0 nettoyer et avec une pr\u00e9cision de \u00b1 0,2 \u00b0 Plateau avec compensation automatique de la temp\u00e9rature.<\/p>\n<ul>\n<li>Taille de l&rsquo;\u00e9chantillon: 2 gouttes (100 \u03bcl)<\/li>\n<li>Compensation automatique de la temp\u00e9rature<\/li>\n<li>Temps de r\u00e9ponse rapide, 1,5 seconde<\/li>\n<\/ul>\n","protected":false},"featured_media":15942,"template":"","meta":[],"pwb-brand":[],"product_brand":[],"product_cat":[170],"product_tag":[],"class_list":{"0":"post-16351","1":"product","2":"type-product","3":"status-publish","4":"has-post-thumbnail","6":"product_cat-refractrometres","8":"first","9":"instock","10":"taxable","11":"shipping-taxable","12":"product-type-simple","13":"customify-col"},"brands":[],"_links":{"self":[{"href":"https:\/\/www.agronetbrewing.com\/fr\/wp-json\/wp\/v2\/product\/16351","targetHints":{"allow":["GET"]}}],"collection":[{"href":"https:\/\/www.agronetbrewing.com\/fr\/wp-json\/wp\/v2\/product"}],"about":[{"href":"https:\/\/www.agronetbrewing.com\/fr\/wp-json\/wp\/v2\/types\/product"}],"version-history":[{"count":0,"href":"https:\/\/www.agronetbrewing.com\/fr\/wp-json\/wp\/v2\/product\/16351\/revisions"}],"wp:featuredmedia":[{"embeddable":true,"href":"https:\/\/www.agronetbrewing.com\/fr\/wp-json\/wp\/v2\/media\/15942"}],"wp:attachment":[{"href":"https:\/\/www.agronetbrewing.com\/fr\/wp-json\/wp\/v2\/media?parent=16351"}],"wp:term":[{"taxonomy":"pwb-brand","embeddable":true,"href":"https:\/\/www.agronetbrewing.com\/fr\/wp-json\/wp\/v2\/pwb-brand?post=16351"},{"taxonomy":"product_brand","embeddable":true,"href":"https:\/\/www.agronetbrewing.com\/fr\/wp-json\/wp\/v2\/product_brand?post=16351"},{"taxonomy":"product_cat","embeddable":true,"href":"https:\/\/www.agronetbrewing.com\/fr\/wp-json\/wp\/v2\/product_cat?post=16351"},{"taxonomy":"product_tag","embeddable":true,"href":"https:\/\/www.agronetbrewing.com\/fr\/wp-json\/wp\/v2\/product_tag?post=16351"}],"curies":[{"name":"wp","href":"https:\/\/api.w.org\/{rel}","templated":true}]}}