{"id":16534,"date":"2020-06-08T08:12:44","date_gmt":"2020-06-12T06:35:01","guid":{"rendered":"https:\/\/www.agronetbrewing.com\/producto\/wildbrew-philly-sour"},"modified":"2025-02-13T09:36:37","modified_gmt":"2025-02-13T08:36:37","slug":"wildbrew-philly-sour","status":"publish","type":"product","link":"https:\/\/www.agronetbrewing.com\/fr\/productos\/levure-et-bacteries\/lallemand-fr\/wildbrew-series-fr\/wildbrew-philly-sour\/","title":{"rendered":"WildBrew\u2122 Philly Sour"},"content":{"rendered":"","protected":false},"excerpt":{"rendered":"<p>WildBrew \u2122 Philly SourIl produit des quantit\u00e9s mod\u00e9r\u00e9es d&rsquo;acide lactique en plus d&rsquo;\u00e9thanol dans une \u00e9tape de fermentation simple. Cette premi\u00e8re levure de la s\u00e9rie WildBrew \u2122 est un excellent choix pour les bi\u00e8res acides innovantes et de session avec une acidit\u00e9 rafra\u00eechissante et des notes de fruits \u00e0 noyau. Avec une att\u00e9nuation \u00e9lev\u00e9e, une floculation \u00e9lev\u00e9e et une bonne r\u00e9tention de la t\u00eate, WildBrew \u2122 Philly Sour est une levure id\u00e9ale pour les styles traditionnels comme Berliner Weiss, Gose, American Lambic Style, American Wild Ales et sa r\u00e9sistance au houblon le rend parfait pour Sour IPA. .<\/p>\n","protected":false},"featured_media":16523,"template":"","meta":[],"pwb-brand":[],"product_brand":[],"product_cat":[159],"product_tag":[],"class_list":{"0":"post-16534","1":"product","2":"type-product","3":"status-publish","4":"has-post-thumbnail","6":"product_cat-wildbrew-series-fr","8":"first","9":"instock","10":"taxable","11":"shipping-taxable","12":"product-type-variable","13":"customify-col","14":"product-has-gallery"},"brands":[],"_links":{"self":[{"href":"https:\/\/www.agronetbrewing.com\/fr\/wp-json\/wp\/v2\/product\/16534","targetHints":{"allow":["GET"]}}],"collection":[{"href":"https:\/\/www.agronetbrewing.com\/fr\/wp-json\/wp\/v2\/product"}],"about":[{"href":"https:\/\/www.agronetbrewing.com\/fr\/wp-json\/wp\/v2\/types\/product"}],"version-history":[{"count":1,"href":"https:\/\/www.agronetbrewing.com\/fr\/wp-json\/wp\/v2\/product\/16534\/revisions"}],"predecessor-version":[{"id":24156,"href":"https:\/\/www.agronetbrewing.com\/fr\/wp-json\/wp\/v2\/product\/16534\/revisions\/24156"}],"wp:featuredmedia":[{"embeddable":true,"href":"https:\/\/www.agronetbrewing.com\/fr\/wp-json\/wp\/v2\/media\/16523"}],"wp:attachment":[{"href":"https:\/\/www.agronetbrewing.com\/fr\/wp-json\/wp\/v2\/media?parent=16534"}],"wp:term":[{"taxonomy":"pwb-brand","embeddable":true,"href":"https:\/\/www.agronetbrewing.com\/fr\/wp-json\/wp\/v2\/pwb-brand?post=16534"},{"taxonomy":"product_brand","embeddable":true,"href":"https:\/\/www.agronetbrewing.com\/fr\/wp-json\/wp\/v2\/product_brand?post=16534"},{"taxonomy":"product_cat","embeddable":true,"href":"https:\/\/www.agronetbrewing.com\/fr\/wp-json\/wp\/v2\/product_cat?post=16534"},{"taxonomy":"product_tag","embeddable":true,"href":"https:\/\/www.agronetbrewing.com\/fr\/wp-json\/wp\/v2\/product_tag?post=16534"}],"curies":[{"name":"wp","href":"https:\/\/api.w.org\/{rel}","templated":true}]}}