{"id":16714,"date":"2020-07-16T08:43:27","date_gmt":"2020-07-16T08:43:29","guid":{"rendered":"https:\/\/www.agronetbrewing.com\/?post_type=product&#038;p=16714"},"modified":"2025-02-13T09:40:46","modified_gmt":"2025-02-13T08:40:46","slug":"lalbrew-verdant-ipa","status":"publish","type":"product","link":"https:\/\/www.agronetbrewing.com\/fr\/productos\/levure-et-bacteries\/lallemand-fr\/premium-series-fr\/lalbrew-verdant-ipa\/","title":{"rendered":"LalBrew\u00ae Verdant IPA"},"content":{"rendered":"","protected":false},"excerpt":{"rendered":"<p>LalBrew\u00ae Verdant IPA a \u00e9t\u00e9 s\u00e9lectionn\u00e9 en collaboration avec Verdant Brewing Co. (Royaume-Uni) pour sa capacit\u00e9 \u00e0 produire une grande vari\u00e9t\u00e9 de bi\u00e8res houblonn\u00e9es et malt\u00e9es.<br \/>\nSes notes pro\u00e9minentes d&rsquo;abricot \/ abricot et la pr\u00e9sence de fruits tropicaux et d&rsquo;agrumes se conjuguent \u00e0 l&rsquo;utilisation de houblon aromatique. Avec une att\u00e9nuation moyenne-\u00e9lev\u00e9e, LalBrew\u00ae Verdant IPA permet d&rsquo;obtenir des bi\u00e8res avec un certain soyeux, et un profil de malt \u00e9quilibr\u00e9 avec plus de corps par rapport \u00e0 une levure typique pour IPA am\u00e9ricaine.<br \/>\nSa grande polyvalence en fait un candidat id\u00e9al pour une large gamme de styles de brassage, tels que NEIPA, IPA anglais, American Pale, English Bitter, Sweet Stout et Sours.<\/p>\n","protected":false},"featured_media":16721,"template":"","meta":[],"pwb-brand":[1011],"product_brand":[],"product_cat":[189],"product_tag":[],"class_list":{"0":"post-16714","1":"product","2":"type-product","3":"status-publish","4":"has-post-thumbnail","6":"pwb-brand-lallemand_brewing","7":"product_cat-premium-series-fr","9":"first","10":"instock","11":"taxable","12":"shipping-taxable","13":"product-type-variable","14":"customify-col","15":"product-has-gallery"},"brands":[{"id":1011,"name":"LALLEMAND BREWING","slug":"lallemand_brewing"}],"_links":{"self":[{"href":"https:\/\/www.agronetbrewing.com\/fr\/wp-json\/wp\/v2\/product\/16714","targetHints":{"allow":["GET"]}}],"collection":[{"href":"https:\/\/www.agronetbrewing.com\/fr\/wp-json\/wp\/v2\/product"}],"about":[{"href":"https:\/\/www.agronetbrewing.com\/fr\/wp-json\/wp\/v2\/types\/product"}],"version-history":[{"count":1,"href":"https:\/\/www.agronetbrewing.com\/fr\/wp-json\/wp\/v2\/product\/16714\/revisions"}],"predecessor-version":[{"id":24160,"href":"https:\/\/www.agronetbrewing.com\/fr\/wp-json\/wp\/v2\/product\/16714\/revisions\/24160"}],"wp:featuredmedia":[{"embeddable":true,"href":"https:\/\/www.agronetbrewing.com\/fr\/wp-json\/wp\/v2\/media\/16721"}],"wp:attachment":[{"href":"https:\/\/www.agronetbrewing.com\/fr\/wp-json\/wp\/v2\/media?parent=16714"}],"wp:term":[{"taxonomy":"pwb-brand","embeddable":true,"href":"https:\/\/www.agronetbrewing.com\/fr\/wp-json\/wp\/v2\/pwb-brand?post=16714"},{"taxonomy":"product_brand","embeddable":true,"href":"https:\/\/www.agronetbrewing.com\/fr\/wp-json\/wp\/v2\/product_brand?post=16714"},{"taxonomy":"product_cat","embeddable":true,"href":"https:\/\/www.agronetbrewing.com\/fr\/wp-json\/wp\/v2\/product_cat?post=16714"},{"taxonomy":"product_tag","embeddable":true,"href":"https:\/\/www.agronetbrewing.com\/fr\/wp-json\/wp\/v2\/product_tag?post=16714"}],"curies":[{"name":"wp","href":"https:\/\/api.w.org\/{rel}","templated":true}]}}