{"id":17308,"date":"2019-07-11T08:44:57","date_gmt":"2019-07-11T08:44:57","guid":{"rendered":"https:\/\/www.agronetbrewing.com\/producto\/cryo-hops-amarillo"},"modified":"2022-11-03T13:53:06","modified_gmt":"2022-11-03T13:53:06","slug":"amarillo-2-2","status":"publish","type":"product","link":"https:\/\/www.agronetbrewing.com\/fr\/productos\/houblons\/cryo-hops-fr\/amarillo-2-2\/","title":{"rendered":"CRYO HOPS\u00ae Amarillo"},"content":{"rendered":"","protected":false},"excerpt":{"rendered":"<p>Descobert per Virgil Gamache Farms, Amarillo\u00ae \u00e9s una de les deu millors varietats d&rsquo;aromes utilitzades pels cervesers artesanals. Compta amb \u00e0cids alfa relativament alts juntament amb nivells extremadament alts de mirceno per als sabors de c\u00edtrics i aranges.<\/p>\n<p><strong>Perfil d&rsquo;Aroma:<\/strong>Aranja, Taronja, Llimona, Mel\u00f3, Albercoc, Pr\u00e9ssec.<\/p>\n","protected":false},"featured_media":6545,"template":"","meta":[],"pwb-brand":[],"product_brand":[],"product_cat":[116],"product_tag":[],"class_list":{"0":"post-17308","1":"product","2":"type-product","3":"status-publish","4":"has-post-thumbnail","6":"product_cat-cryo-hops","8":"first","9":"instock","10":"taxable","11":"shipping-taxable","12":"product-type-variable","13":"has-default-attributes","14":"customify-col"},"brands":[],"_links":{"self":[{"href":"https:\/\/www.agronetbrewing.com\/fr\/wp-json\/wp\/v2\/product\/17308","targetHints":{"allow":["GET"]}}],"collection":[{"href":"https:\/\/www.agronetbrewing.com\/fr\/wp-json\/wp\/v2\/product"}],"about":[{"href":"https:\/\/www.agronetbrewing.com\/fr\/wp-json\/wp\/v2\/types\/product"}],"version-history":[{"count":1,"href":"https:\/\/www.agronetbrewing.com\/fr\/wp-json\/wp\/v2\/product\/17308\/revisions"}],"predecessor-version":[{"id":22312,"href":"https:\/\/www.agronetbrewing.com\/fr\/wp-json\/wp\/v2\/product\/17308\/revisions\/22312"}],"wp:featuredmedia":[{"embeddable":true,"href":"https:\/\/www.agronetbrewing.com\/fr\/wp-json\/wp\/v2\/media\/6545"}],"wp:attachment":[{"href":"https:\/\/www.agronetbrewing.com\/fr\/wp-json\/wp\/v2\/media?parent=17308"}],"wp:term":[{"taxonomy":"pwb-brand","embeddable":true,"href":"https:\/\/www.agronetbrewing.com\/fr\/wp-json\/wp\/v2\/pwb-brand?post=17308"},{"taxonomy":"product_brand","embeddable":true,"href":"https:\/\/www.agronetbrewing.com\/fr\/wp-json\/wp\/v2\/product_brand?post=17308"},{"taxonomy":"product_cat","embeddable":true,"href":"https:\/\/www.agronetbrewing.com\/fr\/wp-json\/wp\/v2\/product_cat?post=17308"},{"taxonomy":"product_tag","embeddable":true,"href":"https:\/\/www.agronetbrewing.com\/fr\/wp-json\/wp\/v2\/product_tag?post=17308"}],"curies":[{"name":"wp","href":"https:\/\/api.w.org\/{rel}","templated":true}]}}