{"id":18325,"date":"2019-06-11T13:19:42","date_gmt":"2019-06-11T13:19:42","guid":{"rendered":"https:\/\/www.agronetbrewing.com\/producto\/deptacid-nt"},"modified":"2022-11-03T13:59:58","modified_gmt":"2022-11-03T13:59:58","slug":"deptacid-nt-2","status":"publish","type":"product","link":"https:\/\/www.agronetbrewing.com\/fr\/productos\/nettoyage\/detergents-et-desinfectants\/detergents-acides\/deptacid-nt-2\/","title":{"rendered":"Deptacid NT"},"content":{"rendered":"","protected":false},"excerpt":{"rendered":"<p>Neteja i desincrustaci\u00f3 dels circuits t\u00e8rmics i no t\u00e8rmics de la ind\u00fastria agroaliment\u00e0ria i de begudes. Neteja de esterilitzadors. Neteja de contenidors, tancs i dip\u00f2sits. No utilitzar sobre acer, acer galvanitzat, ni sobre metalls pintats (coure, bronze, llaut\u00f3 &#8230;). Utilitzar preferentment sobre superf\u00edcies met\u00e0l\u00b7liques d&rsquo;acer inoxidable.<\/p>\n<ul>\n<li>Detergent \u00e0cid.<\/li>\n<li>Desincrustant, incl\u00f2s el oxalat c\u00e0lcic (pedra de cervesa).<\/li>\n<li>No espumant.<\/li>\n<li>Mesurable per conductivitat.<\/li>\n<\/ul>\n","protected":false},"featured_media":6116,"template":"","meta":[],"pwb-brand":[1015],"product_brand":[],"product_cat":[113],"product_tag":[],"class_list":{"0":"post-18325","1":"product","2":"type-product","3":"status-publish","4":"has-post-thumbnail","6":"pwb-brand-kersia","7":"product_cat-desinfectantes-acidos","9":"first","10":"instock","11":"taxable","12":"shipping-taxable","13":"product-type-variable","14":"customify-col"},"brands":[{"id":1015,"name":"KERSIA","slug":"kersia"}],"_links":{"self":[{"href":"https:\/\/www.agronetbrewing.com\/fr\/wp-json\/wp\/v2\/product\/18325","targetHints":{"allow":["GET"]}}],"collection":[{"href":"https:\/\/www.agronetbrewing.com\/fr\/wp-json\/wp\/v2\/product"}],"about":[{"href":"https:\/\/www.agronetbrewing.com\/fr\/wp-json\/wp\/v2\/types\/product"}],"version-history":[{"count":1,"href":"https:\/\/www.agronetbrewing.com\/fr\/wp-json\/wp\/v2\/product\/18325\/revisions"}],"predecessor-version":[{"id":22329,"href":"https:\/\/www.agronetbrewing.com\/fr\/wp-json\/wp\/v2\/product\/18325\/revisions\/22329"}],"wp:featuredmedia":[{"embeddable":true,"href":"https:\/\/www.agronetbrewing.com\/fr\/wp-json\/wp\/v2\/media\/6116"}],"wp:attachment":[{"href":"https:\/\/www.agronetbrewing.com\/fr\/wp-json\/wp\/v2\/media?parent=18325"}],"wp:term":[{"taxonomy":"pwb-brand","embeddable":true,"href":"https:\/\/www.agronetbrewing.com\/fr\/wp-json\/wp\/v2\/pwb-brand?post=18325"},{"taxonomy":"product_brand","embeddable":true,"href":"https:\/\/www.agronetbrewing.com\/fr\/wp-json\/wp\/v2\/product_brand?post=18325"},{"taxonomy":"product_cat","embeddable":true,"href":"https:\/\/www.agronetbrewing.com\/fr\/wp-json\/wp\/v2\/product_cat?post=18325"},{"taxonomy":"product_tag","embeddable":true,"href":"https:\/\/www.agronetbrewing.com\/fr\/wp-json\/wp\/v2\/product_tag?post=18325"}],"curies":[{"name":"wp","href":"https:\/\/api.w.org\/{rel}","templated":true}]}}