{"id":18334,"date":"2019-06-18T09:52:54","date_gmt":"2019-06-18T09:52:54","guid":{"rendered":"https:\/\/www.agronetbrewing.com\/producto\/starter-kit-5-8-valvula-de-buidatge"},"modified":"2023-03-31T08:47:23","modified_gmt":"2023-03-31T08:47:23","slug":"starter-kit-5-8-valvula-de-vaciado-2","status":"publish","type":"product","link":"https:\/\/www.agronetbrewing.com\/fr\/productos\/emballage\/keykegs-fr\/starter-kit-5-8-valvula-de-vaciado-2\/","title":{"rendered":"Starter Kit 5\/8 (v\u00e0lvula de buidatge)"},"content":{"rendered":"","protected":false},"excerpt":{"rendered":"<p>El KeyKeg coupler amb v\u00e0lvula de seguretat integrada permet connectar el barril KeyKeg amb tot tipus de sistema de dispensat. El disseny \u00fanic de l&rsquo;connector KeyKeg permet la separaci\u00f3 de el gas propel\u00b7lent de la beguda.<br \/>\nEls connectors DSI tenen tot el cos d&rsquo;acer inoxidable, mentre que els connectors Tapkoel s\u00f3n xapats en llaut\u00f3.<br \/>\nTapkoel empra un sistema de v\u00e0lvula esf\u00e8rica antiretorn situat a la part inferior per perdre menys beguda durant el canvi de barril. Per als pa\u00efsos n\u00f2rdics i Espanya, es recomana la marca DSI.<\/p>\n","protected":false},"featured_media":6155,"template":"","meta":[],"pwb-brand":[1016],"product_brand":[],"product_cat":[72],"product_tag":[],"class_list":{"0":"post-18334","1":"product","2":"type-product","3":"status-publish","4":"has-post-thumbnail","6":"pwb-brand-keykeg","7":"product_cat-keykegs","9":"first","10":"instock","11":"taxable","12":"shipping-taxable","13":"product-type-simple","14":"customify-col"},"brands":[{"id":1016,"name":"KEYKEG","slug":"keykeg"}],"_links":{"self":[{"href":"https:\/\/www.agronetbrewing.com\/fr\/wp-json\/wp\/v2\/product\/18334","targetHints":{"allow":["GET"]}}],"collection":[{"href":"https:\/\/www.agronetbrewing.com\/fr\/wp-json\/wp\/v2\/product"}],"about":[{"href":"https:\/\/www.agronetbrewing.com\/fr\/wp-json\/wp\/v2\/types\/product"}],"version-history":[{"count":1,"href":"https:\/\/www.agronetbrewing.com\/fr\/wp-json\/wp\/v2\/product\/18334\/revisions"}],"predecessor-version":[{"id":22325,"href":"https:\/\/www.agronetbrewing.com\/fr\/wp-json\/wp\/v2\/product\/18334\/revisions\/22325"}],"wp:featuredmedia":[{"embeddable":true,"href":"https:\/\/www.agronetbrewing.com\/fr\/wp-json\/wp\/v2\/media\/6155"}],"wp:attachment":[{"href":"https:\/\/www.agronetbrewing.com\/fr\/wp-json\/wp\/v2\/media?parent=18334"}],"wp:term":[{"taxonomy":"pwb-brand","embeddable":true,"href":"https:\/\/www.agronetbrewing.com\/fr\/wp-json\/wp\/v2\/pwb-brand?post=18334"},{"taxonomy":"product_brand","embeddable":true,"href":"https:\/\/www.agronetbrewing.com\/fr\/wp-json\/wp\/v2\/product_brand?post=18334"},{"taxonomy":"product_cat","embeddable":true,"href":"https:\/\/www.agronetbrewing.com\/fr\/wp-json\/wp\/v2\/product_cat?post=18334"},{"taxonomy":"product_tag","embeddable":true,"href":"https:\/\/www.agronetbrewing.com\/fr\/wp-json\/wp\/v2\/product_tag?post=18334"}],"curies":[{"name":"wp","href":"https:\/\/api.w.org\/{rel}","templated":true}]}}