{"id":18489,"date":"2019-06-20T13:10:27","date_gmt":"2019-06-20T13:10:27","guid":{"rendered":"https:\/\/www.agronetbrewing.com\/producto\/balanca-serie-gx-15k"},"modified":"2022-11-03T13:57:02","modified_gmt":"2022-11-03T13:57:02","slug":"balanza-serie-gx-15k-2","status":"publish","type":"product","link":"https:\/\/www.agronetbrewing.com\/fr\/productos\/instruments-de-mesure\/ecailles\/balanza-serie-gx-15k-2\/","title":{"rendered":"Balan\u00e7a S\u00e8rie GX-15k"},"content":{"rendered":"","protected":false},"excerpt":{"rendered":"<p>Protecci\u00f3 total contra l\u00edquids: IP-68.<br \/>\nFiltre electr\u00f2nic per pesades inestables.<br \/>\nBateria interna recarregable i xarxa 220V.<br \/>\nProtegida contra sobrec\u00e0rregues.<br \/>\n<b>Capacitat:<\/b> 15kg<br \/>\n<b>Resoluci\u00f3:<\/b> 1g<br \/>\n<b>Dimensi\u00f3 plat:<\/b> 225x185mm<br \/>\n<b>Dimensi\u00f3 balan\u00e7a:<\/b> 235x285x110mm<\/p>\n","protected":false},"featured_media":5863,"template":"","meta":[],"pwb-brand":[],"product_brand":[],"product_cat":[80],"product_tag":[],"class_list":{"0":"post-18489","1":"product","2":"type-product","3":"status-publish","4":"has-post-thumbnail","6":"product_cat-balanzas","8":"first","9":"instock","10":"taxable","11":"shipping-taxable","12":"product-type-simple","13":"customify-col"},"brands":[],"_links":{"self":[{"href":"https:\/\/www.agronetbrewing.com\/fr\/wp-json\/wp\/v2\/product\/18489","targetHints":{"allow":["GET"]}}],"collection":[{"href":"https:\/\/www.agronetbrewing.com\/fr\/wp-json\/wp\/v2\/product"}],"about":[{"href":"https:\/\/www.agronetbrewing.com\/fr\/wp-json\/wp\/v2\/types\/product"}],"version-history":[{"count":1,"href":"https:\/\/www.agronetbrewing.com\/fr\/wp-json\/wp\/v2\/product\/18489\/revisions"}],"predecessor-version":[{"id":22322,"href":"https:\/\/www.agronetbrewing.com\/fr\/wp-json\/wp\/v2\/product\/18489\/revisions\/22322"}],"wp:featuredmedia":[{"embeddable":true,"href":"https:\/\/www.agronetbrewing.com\/fr\/wp-json\/wp\/v2\/media\/5863"}],"wp:attachment":[{"href":"https:\/\/www.agronetbrewing.com\/fr\/wp-json\/wp\/v2\/media?parent=18489"}],"wp:term":[{"taxonomy":"pwb-brand","embeddable":true,"href":"https:\/\/www.agronetbrewing.com\/fr\/wp-json\/wp\/v2\/pwb-brand?post=18489"},{"taxonomy":"product_brand","embeddable":true,"href":"https:\/\/www.agronetbrewing.com\/fr\/wp-json\/wp\/v2\/product_brand?post=18489"},{"taxonomy":"product_cat","embeddable":true,"href":"https:\/\/www.agronetbrewing.com\/fr\/wp-json\/wp\/v2\/product_cat?post=18489"},{"taxonomy":"product_tag","embeddable":true,"href":"https:\/\/www.agronetbrewing.com\/fr\/wp-json\/wp\/v2\/product_tag?post=18489"}],"curies":[{"name":"wp","href":"https:\/\/api.w.org\/{rel}","templated":true}]}}