{"id":18503,"date":"2019-07-30T10:37:11","date_gmt":"2019-07-30T10:37:11","guid":{"rendered":"https:\/\/www.agronetbrewing.com\/producto\/solucio-tampo-ph-701"},"modified":"2022-11-03T13:52:14","modified_gmt":"2022-11-03T13:52:14","slug":"solucion-tampon-ph-701-2","status":"publish","type":"product","link":"https:\/\/www.agronetbrewing.com\/fr\/productos\/instruments-de-mesure\/ph-conductivite-et-deceled-oxygene\/solucion-tampon-ph-701-2\/","title":{"rendered":"Soluci\u00f3 Tamp\u00f3 pH 7,01"},"content":{"rendered":"","protected":false},"excerpt":{"rendered":"<p>Amb el n\u00famero de lot i la data de venciment clarament marcats a l&rsquo;etiqueta i un segell herm\u00e8tic a prova de manipulacions per garantir la qualitat de la soluci\u00f3, la l\u00ednia de solucions de calibratge de pH d&rsquo;Hanna \u00e9s una forma f\u00e0cil d&rsquo;obtenir excel\u00b7lents mesuraments de pH en tot moment.<\/p>\n<ul>\n<li>Soluci\u00f3 de calibratge pH 7.01<\/li>\n<li>Precisi\u00f3 de +\/- 0.01 pH @ 25 \u00b0 C<\/li>\n<li>Herm\u00e8tics amb un segell a prova de manipulaci\u00f3 per assegurar la qualitat de la soluci\u00f3.<\/li>\n<li>Formulada per tenir una expiraci\u00f3 de 5 anys a partir de la data de fabricaci\u00f3 per a una ampolla sense obrir.<\/li>\n<\/ul>\n","protected":false},"featured_media":6020,"template":"","meta":[],"pwb-brand":[],"product_brand":[],"product_cat":[85],"product_tag":[],"class_list":{"0":"post-18503","1":"product","2":"type-product","3":"status-publish","4":"has-post-thumbnail","6":"product_cat-ph-conductividad-y-oxigeno-disuelto","8":"first","9":"instock","10":"taxable","11":"shipping-taxable","12":"product-type-variable","13":"has-default-attributes","14":"customify-col"},"brands":[],"_links":{"self":[{"href":"https:\/\/www.agronetbrewing.com\/fr\/wp-json\/wp\/v2\/product\/18503","targetHints":{"allow":["GET"]}}],"collection":[{"href":"https:\/\/www.agronetbrewing.com\/fr\/wp-json\/wp\/v2\/product"}],"about":[{"href":"https:\/\/www.agronetbrewing.com\/fr\/wp-json\/wp\/v2\/types\/product"}],"version-history":[{"count":1,"href":"https:\/\/www.agronetbrewing.com\/fr\/wp-json\/wp\/v2\/product\/18503\/revisions"}],"predecessor-version":[{"id":22310,"href":"https:\/\/www.agronetbrewing.com\/fr\/wp-json\/wp\/v2\/product\/18503\/revisions\/22310"}],"wp:featuredmedia":[{"embeddable":true,"href":"https:\/\/www.agronetbrewing.com\/fr\/wp-json\/wp\/v2\/media\/6020"}],"wp:attachment":[{"href":"https:\/\/www.agronetbrewing.com\/fr\/wp-json\/wp\/v2\/media?parent=18503"}],"wp:term":[{"taxonomy":"pwb-brand","embeddable":true,"href":"https:\/\/www.agronetbrewing.com\/fr\/wp-json\/wp\/v2\/pwb-brand?post=18503"},{"taxonomy":"product_brand","embeddable":true,"href":"https:\/\/www.agronetbrewing.com\/fr\/wp-json\/wp\/v2\/product_brand?post=18503"},{"taxonomy":"product_cat","embeddable":true,"href":"https:\/\/www.agronetbrewing.com\/fr\/wp-json\/wp\/v2\/product_cat?post=18503"},{"taxonomy":"product_tag","embeddable":true,"href":"https:\/\/www.agronetbrewing.com\/fr\/wp-json\/wp\/v2\/product_tag?post=18503"}],"curies":[{"name":"wp","href":"https:\/\/api.w.org\/{rel}","templated":true}]}}