{"id":18513,"date":"2019-07-30T10:55:00","date_gmt":"2019-07-30T10:55:00","guid":{"rendered":"https:\/\/www.agronetbrewing.com\/producto\/solucio-emmagatzematge-electrodes"},"modified":"2022-11-03T13:51:54","modified_gmt":"2022-11-03T13:51:54","slug":"solucion-almacenamiento-electrodos-2","status":"publish","type":"product","link":"https:\/\/www.agronetbrewing.com\/fr\/productos\/instruments-de-mesure\/ph-conductivite-et-deceled-oxygene\/solucion-almacenamiento-electrodos-2\/","title":{"rendered":"Soluci\u00f3 emmagatzematge el\u00e8ctrodes"},"content":{"rendered":"","protected":false},"excerpt":{"rendered":"<p>Soluci\u00f3 d&#8217;emmagatzematge d&rsquo;el\u00e8ctrodes que s&rsquo;utilitza per garantir el rendiment \u00f2ptim dels el\u00e8ctrodes de pH i ORP. L&#8217;emmagatzematge adequat d&rsquo;un el\u00e8ctrode de pH en una soluci\u00f3 mant\u00e9 la membrana de vidre ben hidratada, el que mant\u00e9 el funcionament adequat i proporciona lectures exactes.<\/p>\n","protected":false},"featured_media":7177,"template":"","meta":[],"pwb-brand":[],"product_brand":[],"product_cat":[85],"product_tag":[],"class_list":{"0":"post-18513","1":"product","2":"type-product","3":"status-publish","4":"has-post-thumbnail","6":"product_cat-ph-conductividad-y-oxigeno-disuelto","8":"first","9":"instock","10":"taxable","11":"shipping-taxable","12":"product-type-variable","13":"has-default-attributes","14":"customify-col"},"brands":[],"_links":{"self":[{"href":"https:\/\/www.agronetbrewing.com\/fr\/wp-json\/wp\/v2\/product\/18513","targetHints":{"allow":["GET"]}}],"collection":[{"href":"https:\/\/www.agronetbrewing.com\/fr\/wp-json\/wp\/v2\/product"}],"about":[{"href":"https:\/\/www.agronetbrewing.com\/fr\/wp-json\/wp\/v2\/types\/product"}],"version-history":[{"count":1,"href":"https:\/\/www.agronetbrewing.com\/fr\/wp-json\/wp\/v2\/product\/18513\/revisions"}],"predecessor-version":[{"id":22309,"href":"https:\/\/www.agronetbrewing.com\/fr\/wp-json\/wp\/v2\/product\/18513\/revisions\/22309"}],"wp:featuredmedia":[{"embeddable":true,"href":"https:\/\/www.agronetbrewing.com\/fr\/wp-json\/wp\/v2\/media\/7177"}],"wp:attachment":[{"href":"https:\/\/www.agronetbrewing.com\/fr\/wp-json\/wp\/v2\/media?parent=18513"}],"wp:term":[{"taxonomy":"pwb-brand","embeddable":true,"href":"https:\/\/www.agronetbrewing.com\/fr\/wp-json\/wp\/v2\/pwb-brand?post=18513"},{"taxonomy":"product_brand","embeddable":true,"href":"https:\/\/www.agronetbrewing.com\/fr\/wp-json\/wp\/v2\/product_brand?post=18513"},{"taxonomy":"product_cat","embeddable":true,"href":"https:\/\/www.agronetbrewing.com\/fr\/wp-json\/wp\/v2\/product_cat?post=18513"},{"taxonomy":"product_tag","embeddable":true,"href":"https:\/\/www.agronetbrewing.com\/fr\/wp-json\/wp\/v2\/product_tag?post=18513"}],"curies":[{"name":"wp","href":"https:\/\/api.w.org\/{rel}","templated":true}]}}