{"id":19092,"date":"2020-09-18T06:59:57","date_gmt":"2020-09-18T07:02:22","guid":{"rendered":"https:\/\/www.agronetbrewing.com\/producto\/protosol"},"modified":"2021-06-17T13:35:14","modified_gmt":"2021-06-17T13:35:14","slug":"protosol","status":"publish","type":"product","link":"https:\/\/www.agronetbrewing.com\/fr\/productos\/additifs\/clarificants\/protosol\/","title":{"rendered":"Protosol 5kg"},"content":{"rendered":"","protected":false},"excerpt":{"rendered":"<p>Protosol est un sol de silice collo\u00efdale sp\u00e9cifiquement s\u00e9lectionn\u00e9 qui favorise la s\u00e9dimentation des prot\u00e9ines et autres solides de la bi\u00e8re et du mo\u00fbt. Protosol clarifie efficacement le mo\u00fbt et la bi\u00e8re \u00e0 des taux d&rsquo;ajout tr\u00e8s faibles, permettant des performances plus \u00e9lev\u00e9es de votre brasserie sans avoir besoin d&rsquo;investir dans un r\u00e9servoir ou une capacit\u00e9 de filtration.<\/p>\n","protected":false},"featured_media":19086,"template":"","meta":[],"pwb-brand":[],"product_brand":[],"product_cat":[164],"product_tag":[],"class_list":{"0":"post-19092","1":"product","2":"type-product","3":"status-publish","4":"has-post-thumbnail","6":"product_cat-clarificants","8":"first","9":"instock","10":"taxable","11":"shipping-taxable","12":"product-type-simple","13":"customify-col","14":"product-has-gallery"},"brands":[],"_links":{"self":[{"href":"https:\/\/www.agronetbrewing.com\/fr\/wp-json\/wp\/v2\/product\/19092","targetHints":{"allow":["GET"]}}],"collection":[{"href":"https:\/\/www.agronetbrewing.com\/fr\/wp-json\/wp\/v2\/product"}],"about":[{"href":"https:\/\/www.agronetbrewing.com\/fr\/wp-json\/wp\/v2\/types\/product"}],"version-history":[{"count":0,"href":"https:\/\/www.agronetbrewing.com\/fr\/wp-json\/wp\/v2\/product\/19092\/revisions"}],"wp:featuredmedia":[{"embeddable":true,"href":"https:\/\/www.agronetbrewing.com\/fr\/wp-json\/wp\/v2\/media\/19086"}],"wp:attachment":[{"href":"https:\/\/www.agronetbrewing.com\/fr\/wp-json\/wp\/v2\/media?parent=19092"}],"wp:term":[{"taxonomy":"pwb-brand","embeddable":true,"href":"https:\/\/www.agronetbrewing.com\/fr\/wp-json\/wp\/v2\/pwb-brand?post=19092"},{"taxonomy":"product_brand","embeddable":true,"href":"https:\/\/www.agronetbrewing.com\/fr\/wp-json\/wp\/v2\/product_brand?post=19092"},{"taxonomy":"product_cat","embeddable":true,"href":"https:\/\/www.agronetbrewing.com\/fr\/wp-json\/wp\/v2\/product_cat?post=19092"},{"taxonomy":"product_tag","embeddable":true,"href":"https:\/\/www.agronetbrewing.com\/fr\/wp-json\/wp\/v2\/product_tag?post=19092"}],"curies":[{"name":"wp","href":"https:\/\/api.w.org\/{rel}","templated":true}]}}