{"id":19207,"date":"2020-11-05T11:55:36","date_gmt":"2020-11-05T11:55:39","guid":{"rendered":"https:\/\/www.agronetbrewing.com\/?post_type=product&#038;p=19207"},"modified":"2020-11-05T12:04:50","modified_gmt":"2020-11-05T12:04:50","slug":"abv-aromazyme","status":"publish","type":"product","link":"https:\/\/www.agronetbrewing.com\/fr\/productos\/additifs\/enzymes\/abv-aromazyme\/","title":{"rendered":"ABV Aromazyme"},"content":{"rendered":"","protected":false},"excerpt":{"rendered":"<p>C&rsquo;est une pr\u00e9paration enzymatique de qualit\u00e9 alimentaire avec une forte activit\u00e9 glycosidase d\u00e9riv\u00e9e d&rsquo;une souche s\u00e9lectionn\u00e9e d&rsquo;Aspergillus niger.<br \/>\nIl est compos\u00e9 d&rsquo;enzymes glucosidases capables d&rsquo;hydrolyser les liaisons glycosidiques, de lib\u00e9rer des alcools monoterp\u00e9niques et du glucose.<br \/>\nIl a \u00e9t\u00e9 d\u00e9velopp\u00e9 pour augmenter la complexit\u00e9 du profil de saveur et d&rsquo;ar\u00f4me du houblon dans la bi\u00e8re.<br \/>\nL&rsquo;application d&rsquo;ABV AROMAZYME pendant la fermentation offre aux brasseurs la possibilit\u00e9 d&rsquo;am\u00e9liorer leur utilisation du houblon en lib\u00e9rant des aromatiques volatiles suppl\u00e9mentaires, r\u00e9duisant ainsi les quantit\u00e9s globales de houblon ou en utilisant des vari\u00e9t\u00e9s de houblon moins sophistiqu\u00e9es.<\/p>\n","protected":false},"featured_media":23933,"template":"","meta":[],"pwb-brand":[1017],"product_brand":[],"product_cat":[157],"product_tag":[],"class_list":{"0":"post-19207","1":"product","2":"type-product","3":"status-publish","4":"has-post-thumbnail","6":"pwb-brand-abvickers","7":"product_cat-enzymes","9":"first","10":"instock","11":"taxable","12":"shipping-taxable","13":"product-type-variable","14":"has-default-attributes","15":"customify-col"},"brands":[{"id":1017,"name":"ABVICKERS","slug":"abvickers"}],"_links":{"self":[{"href":"https:\/\/www.agronetbrewing.com\/fr\/wp-json\/wp\/v2\/product\/19207","targetHints":{"allow":["GET"]}}],"collection":[{"href":"https:\/\/www.agronetbrewing.com\/fr\/wp-json\/wp\/v2\/product"}],"about":[{"href":"https:\/\/www.agronetbrewing.com\/fr\/wp-json\/wp\/v2\/types\/product"}],"version-history":[{"count":0,"href":"https:\/\/www.agronetbrewing.com\/fr\/wp-json\/wp\/v2\/product\/19207\/revisions"}],"wp:featuredmedia":[{"embeddable":true,"href":"https:\/\/www.agronetbrewing.com\/fr\/wp-json\/wp\/v2\/media\/23933"}],"wp:attachment":[{"href":"https:\/\/www.agronetbrewing.com\/fr\/wp-json\/wp\/v2\/media?parent=19207"}],"wp:term":[{"taxonomy":"pwb-brand","embeddable":true,"href":"https:\/\/www.agronetbrewing.com\/fr\/wp-json\/wp\/v2\/pwb-brand?post=19207"},{"taxonomy":"product_brand","embeddable":true,"href":"https:\/\/www.agronetbrewing.com\/fr\/wp-json\/wp\/v2\/product_brand?post=19207"},{"taxonomy":"product_cat","embeddable":true,"href":"https:\/\/www.agronetbrewing.com\/fr\/wp-json\/wp\/v2\/product_cat?post=19207"},{"taxonomy":"product_tag","embeddable":true,"href":"https:\/\/www.agronetbrewing.com\/fr\/wp-json\/wp\/v2\/product_tag?post=19207"}],"curies":[{"name":"wp","href":"https:\/\/api.w.org\/{rel}","templated":true}]}}