{"id":19583,"date":"2021-03-18T13:55:05","date_gmt":"2021-03-18T13:55:08","guid":{"rendered":"https:\/\/www.agronetbrewing.com\/?post_type=product&#038;p=19583"},"modified":"2021-09-09T14:53:15","modified_gmt":"2021-09-09T14:53:15","slug":"abv-yeastlife-o","status":"publish","type":"product","link":"https:\/\/www.agronetbrewing.com\/fr\/productos\/additifs\/nutriments-pour-levures\/abv-yeastlife-o\/","title":{"rendered":"ABV YEASTLIFE O"},"content":{"rendered":"","protected":false},"excerpt":{"rendered":"<p>ABV YeastLife O\u2122 est le r\u00e9sultat d&rsquo;un intense travail de I+D pour stimuler les processus de fermentation bas\u00e9s sur un rapport sucre \/ nutriments \u00e9lev\u00e9 comprenant des boissons de type Hard Seltzer, cidre, hydromel et bi\u00e8res sucr\u00e9es (NEIPA, Imperial Stouts, styles belges\u2026).<\/p>\n<p>Avantages:<\/p>\n<ul>\n<li>Compl\u00e9ment nutritionnel complet pour les fermentations avec des sucres purs.<\/li>\n<li>Assure une fermentation rapide et une att\u00e9nuation \u00e9lev\u00e9e.<\/li>\n<li>Source d&rsquo;azote 100% organique avec vitamines et min\u00e9raux \u00e0 haute biodisponibilit\u00e9. ABV YeastLife O \u2122 peut \u00eatre utilis\u00e9 dans la production de boissons biologiques.<\/li>\n<li>Fermentations propres et homog\u00e8nes.<\/li>\n<li>R\u00e9duit l&rsquo;apparence de saveurs ind\u00e9sirables (faux-go\u00fbts) compar\u00e9 \u00e0 un compl\u00e9ment nutritionnel inorganique.<\/li>\n<\/ul>\n","protected":false},"featured_media":19591,"template":"","meta":[],"pwb-brand":[],"product_brand":[],"product_cat":[163],"product_tag":[],"class_list":{"0":"post-19583","1":"product","2":"type-product","3":"status-publish","4":"has-post-thumbnail","6":"product_cat-nutriments-pour-levures","8":"first","9":"instock","10":"taxable","11":"shipping-taxable","12":"product-type-simple","13":"customify-col","14":"product-has-gallery"},"brands":[],"_links":{"self":[{"href":"https:\/\/www.agronetbrewing.com\/fr\/wp-json\/wp\/v2\/product\/19583","targetHints":{"allow":["GET"]}}],"collection":[{"href":"https:\/\/www.agronetbrewing.com\/fr\/wp-json\/wp\/v2\/product"}],"about":[{"href":"https:\/\/www.agronetbrewing.com\/fr\/wp-json\/wp\/v2\/types\/product"}],"version-history":[{"count":0,"href":"https:\/\/www.agronetbrewing.com\/fr\/wp-json\/wp\/v2\/product\/19583\/revisions"}],"wp:featuredmedia":[{"embeddable":true,"href":"https:\/\/www.agronetbrewing.com\/fr\/wp-json\/wp\/v2\/media\/19591"}],"wp:attachment":[{"href":"https:\/\/www.agronetbrewing.com\/fr\/wp-json\/wp\/v2\/media?parent=19583"}],"wp:term":[{"taxonomy":"pwb-brand","embeddable":true,"href":"https:\/\/www.agronetbrewing.com\/fr\/wp-json\/wp\/v2\/pwb-brand?post=19583"},{"taxonomy":"product_brand","embeddable":true,"href":"https:\/\/www.agronetbrewing.com\/fr\/wp-json\/wp\/v2\/product_brand?post=19583"},{"taxonomy":"product_cat","embeddable":true,"href":"https:\/\/www.agronetbrewing.com\/fr\/wp-json\/wp\/v2\/product_cat?post=19583"},{"taxonomy":"product_tag","embeddable":true,"href":"https:\/\/www.agronetbrewing.com\/fr\/wp-json\/wp\/v2\/product_tag?post=19583"}],"curies":[{"name":"wp","href":"https:\/\/api.w.org\/{rel}","templated":true}]}}