{"id":19762,"date":"2021-07-05T12:49:10","date_gmt":"2021-07-05T12:49:11","guid":{"rendered":"https:\/\/www.agronetbrewing.com\/?post_type=product&#038;p=19762"},"modified":"2025-02-13T09:40:12","modified_gmt":"2025-02-13T08:40:12","slug":"lalbrew-farmhouse","status":"publish","type":"product","link":"https:\/\/www.agronetbrewing.com\/fr\/productos\/levure-et-bacteries\/lallemand-fr\/premium-series-fr\/lalbrew-farmhouse\/","title":{"rendered":"LalBrew Farmhouse\u2122"},"content":{"rendered":"","protected":false},"excerpt":{"rendered":"<p>LalBrew Farmhouse \u2122 est une sonde hybride non diastatique qui a \u00e9t\u00e9 s\u00e9lectionn\u00e9e pour fabrique<br \/>\nBrasseries de saison et de style fermier. Ce produit, le premier de la deuxi\u00e8me cat\u00e9gorie dins de l&rsquo;industrie<br \/>\nbrasserie, est le r\u00e9sultat d&rsquo;une intense recherche et d\u00e9veloppement (R&amp;D) de l&rsquo;entreprise<br \/>\nLevure Canadenca Renaissance situ\u00e9e \u00e0 Vancouver. LalBrew Farmhouse \u2122 a \u00e9t\u00e9 s\u00e9lectionn\u00e9<br \/>\nutilisant les techniques les plus avanc\u00e9es et innovantes de l&rsquo;\u00e9quipe de recherche Renaissance<br \/>\nLa levure, bas\u00e9e sur les m\u00e9thodes classiques sans OGM pour \u00e9liminer le g\u00e8ne STA1, responsable de la<br \/>\nactivit\u00e9 diastasique typique des v\u00eatements Saison. Le processus d&rsquo;hybridation est fait avec soin<br \/>\na fin de maintenir l&rsquo;utilisation du plus de sucres pour produire des bi\u00e8res Saison au profil sec.<br \/>\nDe plus, la technologie brevet\u00e9e obtenue \u00e0 l&rsquo;Universit\u00e9 de Californie Davis (\u00c9tats-Unis) garantit que le<br \/>\nSoca ne produira pas d&rsquo;ar\u00f4mes sulfureux, pour lesquels elle a allou\u00e9 un million important dans le profil<br \/>\naromatique d&rsquo;aquest prendre Saison.<\/p>\n","protected":false},"featured_media":19771,"template":"","meta":[],"pwb-brand":[1011],"product_brand":[],"product_cat":[189],"product_tag":[],"class_list":{"0":"post-19762","1":"product","2":"type-product","3":"status-publish","4":"has-post-thumbnail","6":"pwb-brand-lallemand_brewing","7":"product_cat-premium-series-fr","9":"first","10":"instock","11":"taxable","12":"shipping-taxable","13":"product-type-variable","14":"customify-col","15":"product-has-gallery"},"brands":[{"id":1011,"name":"LALLEMAND BREWING","slug":"lallemand_brewing"}],"_links":{"self":[{"href":"https:\/\/www.agronetbrewing.com\/fr\/wp-json\/wp\/v2\/product\/19762","targetHints":{"allow":["GET"]}}],"collection":[{"href":"https:\/\/www.agronetbrewing.com\/fr\/wp-json\/wp\/v2\/product"}],"about":[{"href":"https:\/\/www.agronetbrewing.com\/fr\/wp-json\/wp\/v2\/types\/product"}],"version-history":[{"count":1,"href":"https:\/\/www.agronetbrewing.com\/fr\/wp-json\/wp\/v2\/product\/19762\/revisions"}],"predecessor-version":[{"id":24159,"href":"https:\/\/www.agronetbrewing.com\/fr\/wp-json\/wp\/v2\/product\/19762\/revisions\/24159"}],"wp:featuredmedia":[{"embeddable":true,"href":"https:\/\/www.agronetbrewing.com\/fr\/wp-json\/wp\/v2\/media\/19771"}],"wp:attachment":[{"href":"https:\/\/www.agronetbrewing.com\/fr\/wp-json\/wp\/v2\/media?parent=19762"}],"wp:term":[{"taxonomy":"pwb-brand","embeddable":true,"href":"https:\/\/www.agronetbrewing.com\/fr\/wp-json\/wp\/v2\/pwb-brand?post=19762"},{"taxonomy":"product_brand","embeddable":true,"href":"https:\/\/www.agronetbrewing.com\/fr\/wp-json\/wp\/v2\/product_brand?post=19762"},{"taxonomy":"product_cat","embeddable":true,"href":"https:\/\/www.agronetbrewing.com\/fr\/wp-json\/wp\/v2\/product_cat?post=19762"},{"taxonomy":"product_tag","embeddable":true,"href":"https:\/\/www.agronetbrewing.com\/fr\/wp-json\/wp\/v2\/product_tag?post=19762"}],"curies":[{"name":"wp","href":"https:\/\/api.w.org\/{rel}","templated":true}]}}