{"id":19824,"date":"2021-07-08T13:30:11","date_gmt":"2021-07-08T14:18:06","guid":{"rendered":"https:\/\/www.agronetbrewing.com\/producto\/maltodextrina"},"modified":"2025-02-13T09:11:21","modified_gmt":"2025-02-13T08:11:21","slug":"maltodextrine","status":"publish","type":"product","link":"https:\/\/www.agronetbrewing.com\/fr\/productos\/additifs\/sucres\/maltodextrine\/","title":{"rendered":"MALTODEXTRINE"},"content":{"rendered":"","protected":false},"excerpt":{"rendered":"<p>La Maltodextrine est un glucide. C&rsquo;est un sucre non fermentable et l\u00e9g\u00e8rement sucr\u00e9 qui est couramment utilis\u00e9 pour rehausser le corps de la bi\u00e8re.<\/p>\n","protected":false},"featured_media":24134,"template":"","meta":[],"pwb-brand":[],"product_brand":[],"product_cat":[149],"product_tag":[],"class_list":{"0":"post-19824","1":"product","2":"type-product","3":"status-publish","4":"has-post-thumbnail","6":"product_cat-sucres","8":"first","9":"instock","10":"taxable","11":"shipping-taxable","12":"product-type-simple","13":"customify-col"},"brands":[],"_links":{"self":[{"href":"https:\/\/www.agronetbrewing.com\/fr\/wp-json\/wp\/v2\/product\/19824","targetHints":{"allow":["GET"]}}],"collection":[{"href":"https:\/\/www.agronetbrewing.com\/fr\/wp-json\/wp\/v2\/product"}],"about":[{"href":"https:\/\/www.agronetbrewing.com\/fr\/wp-json\/wp\/v2\/types\/product"}],"version-history":[{"count":1,"href":"https:\/\/www.agronetbrewing.com\/fr\/wp-json\/wp\/v2\/product\/19824\/revisions"}],"predecessor-version":[{"id":24149,"href":"https:\/\/www.agronetbrewing.com\/fr\/wp-json\/wp\/v2\/product\/19824\/revisions\/24149"}],"wp:featuredmedia":[{"embeddable":true,"href":"https:\/\/www.agronetbrewing.com\/fr\/wp-json\/wp\/v2\/media\/24134"}],"wp:attachment":[{"href":"https:\/\/www.agronetbrewing.com\/fr\/wp-json\/wp\/v2\/media?parent=19824"}],"wp:term":[{"taxonomy":"pwb-brand","embeddable":true,"href":"https:\/\/www.agronetbrewing.com\/fr\/wp-json\/wp\/v2\/pwb-brand?post=19824"},{"taxonomy":"product_brand","embeddable":true,"href":"https:\/\/www.agronetbrewing.com\/fr\/wp-json\/wp\/v2\/product_brand?post=19824"},{"taxonomy":"product_cat","embeddable":true,"href":"https:\/\/www.agronetbrewing.com\/fr\/wp-json\/wp\/v2\/product_cat?post=19824"},{"taxonomy":"product_tag","embeddable":true,"href":"https:\/\/www.agronetbrewing.com\/fr\/wp-json\/wp\/v2\/product_tag?post=19824"}],"curies":[{"name":"wp","href":"https:\/\/api.w.org\/{rel}","templated":true}]}}