{"id":20075,"date":"2022-04-25T08:58:48","date_gmt":"2022-04-25T09:13:29","guid":{"rendered":"https:\/\/www.agronetbrewing.com\/producto\/luminometre-atp-system-sure-plus"},"modified":"2025-03-20T09:05:55","modified_gmt":"2025-03-20T08:05:55","slug":"luminometro-atp-system-sure-plus-2","status":"publish","type":"product","link":"https:\/\/www.agronetbrewing.com\/fr\/productos\/instruments-de-mesure\/ph-conductivite-et-deceled-oxygene\/luminometro-atp-system-sure-plus-2\/","title":{"rendered":"LUMINOM\u00c8TRE ATP SYSTEM SURE PLUS"},"content":{"rendered":"","protected":false},"excerpt":{"rendered":"<p>Le luminom\u00e8tre systemSURE <em>plus <\/em>est le syst\u00e8me le plus rapide et le plus simple pour effectuer vos contr\u00f4les d&rsquo;hygi\u00e8ne. Sa conception associ\u00e9e \u00e0 son \u00e9lectronique de pointe font de ce luminom\u00e8tre portable un appareil facile \u00e0 utiliser, tr\u00e8s sensible et peu co\u00fbteux sans compromettre son efficacit\u00e9 et sa robustesse.<\/p>\n<div class=\"fusion-text fusion-text-2\">\n<ul>\n<li><span class=\"goog-text-highlight\">Une performance sup\u00e9rieure<\/span><\/li>\n<li><span class=\"\">Meilleure conception<\/span><\/li>\n<li>Plateforme compl\u00e8te de surveillance de l&rsquo;hygi\u00e8ne<\/li>\n<\/ul>\n<div class=\"fusion-text fusion-text-3\">\n<ul>\n<li>\n<\/li>\n<\/ul>\n<\/div>\n<\/div>\n","protected":false},"featured_media":20072,"template":"","meta":[],"pwb-brand":[],"product_brand":[],"product_cat":[147],"product_tag":[],"class_list":{"0":"post-20075","1":"product","2":"type-product","3":"status-publish","4":"has-post-thumbnail","6":"product_cat-ph-conductivite-et-deceled-oxygene","8":"first","9":"instock","10":"taxable","11":"shipping-taxable","12":"product-type-simple","13":"customify-col"},"brands":[],"_links":{"self":[{"href":"https:\/\/www.agronetbrewing.com\/fr\/wp-json\/wp\/v2\/product\/20075","targetHints":{"allow":["GET"]}}],"collection":[{"href":"https:\/\/www.agronetbrewing.com\/fr\/wp-json\/wp\/v2\/product"}],"about":[{"href":"https:\/\/www.agronetbrewing.com\/fr\/wp-json\/wp\/v2\/types\/product"}],"version-history":[{"count":1,"href":"https:\/\/www.agronetbrewing.com\/fr\/wp-json\/wp\/v2\/product\/20075\/revisions"}],"predecessor-version":[{"id":24249,"href":"https:\/\/www.agronetbrewing.com\/fr\/wp-json\/wp\/v2\/product\/20075\/revisions\/24249"}],"wp:featuredmedia":[{"embeddable":true,"href":"https:\/\/www.agronetbrewing.com\/fr\/wp-json\/wp\/v2\/media\/20072"}],"wp:attachment":[{"href":"https:\/\/www.agronetbrewing.com\/fr\/wp-json\/wp\/v2\/media?parent=20075"}],"wp:term":[{"taxonomy":"pwb-brand","embeddable":true,"href":"https:\/\/www.agronetbrewing.com\/fr\/wp-json\/wp\/v2\/pwb-brand?post=20075"},{"taxonomy":"product_brand","embeddable":true,"href":"https:\/\/www.agronetbrewing.com\/fr\/wp-json\/wp\/v2\/product_brand?post=20075"},{"taxonomy":"product_cat","embeddable":true,"href":"https:\/\/www.agronetbrewing.com\/fr\/wp-json\/wp\/v2\/product_cat?post=20075"},{"taxonomy":"product_tag","embeddable":true,"href":"https:\/\/www.agronetbrewing.com\/fr\/wp-json\/wp\/v2\/product_tag?post=20075"}],"curies":[{"name":"wp","href":"https:\/\/api.w.org\/{rel}","templated":true}]}}