{"id":20161,"date":"2022-06-20T09:20:11","date_gmt":"2022-06-20T09:20:11","guid":{"rendered":"https:\/\/www.agronetbrewing.com\/?post_type=product&#038;p=20161"},"modified":"2022-10-05T08:20:00","modified_gmt":"2022-10-05T08:20:00","slug":"fermo-brew-acid","status":"publish","type":"product","link":"https:\/\/www.agronetbrewing.com\/fr\/productos\/levure-et-bacteries\/aeb-fr\/fermo-brew-acid\/","title":{"rendered":"FERMO Brew Acid"},"content":{"rendered":"","protected":false},"excerpt":{"rendered":"<p>FERMO Brew Acid est une levure naturelle (<em>Lachancea thermotolerans<\/em>) qui produit de l&rsquo;acide lactique dans les premiers stades de la fermentation alcoolique, permettant la production de bi\u00e8res acides gr\u00e2ce \u00e0 un processus de fermentation reproductible et une gestion facile. FERMO Brew Acid est une levure capable de produire de fortes concentrations d&rsquo;acide lactique, un composant caract\u00e9ristique du go\u00fbt acide des bi\u00e8res \u00e0 fermentation spontan\u00e9e. FERMO Brew Acid permet la production de bi\u00e8res acides gr\u00e2ce \u00e0 un processus d&rsquo;acidification contr\u00f4l\u00e9 et reproductible. FERMO Brew Acid est compatible avec l&rsquo;utilisation de toute levure de brassage ou processus de production traditionnel, ce qui en fait la levure id\u00e9ale pour la production de toute bi\u00e8re aigre.<\/p>\n","protected":false},"featured_media":20191,"template":"","meta":[],"pwb-brand":[],"product_brand":[],"product_cat":[982],"product_tag":[],"class_list":{"0":"post-20161","1":"product","2":"type-product","3":"status-publish","4":"has-post-thumbnail","6":"product_cat-aeb-fr","8":"first","9":"instock","10":"taxable","11":"shipping-taxable","12":"product-type-variable","13":"customify-col","14":"product-has-gallery"},"brands":[],"_links":{"self":[{"href":"https:\/\/www.agronetbrewing.com\/fr\/wp-json\/wp\/v2\/product\/20161","targetHints":{"allow":["GET"]}}],"collection":[{"href":"https:\/\/www.agronetbrewing.com\/fr\/wp-json\/wp\/v2\/product"}],"about":[{"href":"https:\/\/www.agronetbrewing.com\/fr\/wp-json\/wp\/v2\/types\/product"}],"version-history":[{"count":2,"href":"https:\/\/www.agronetbrewing.com\/fr\/wp-json\/wp\/v2\/product\/20161\/revisions"}],"predecessor-version":[{"id":21338,"href":"https:\/\/www.agronetbrewing.com\/fr\/wp-json\/wp\/v2\/product\/20161\/revisions\/21338"}],"wp:featuredmedia":[{"embeddable":true,"href":"https:\/\/www.agronetbrewing.com\/fr\/wp-json\/wp\/v2\/media\/20191"}],"wp:attachment":[{"href":"https:\/\/www.agronetbrewing.com\/fr\/wp-json\/wp\/v2\/media?parent=20161"}],"wp:term":[{"taxonomy":"pwb-brand","embeddable":true,"href":"https:\/\/www.agronetbrewing.com\/fr\/wp-json\/wp\/v2\/pwb-brand?post=20161"},{"taxonomy":"product_brand","embeddable":true,"href":"https:\/\/www.agronetbrewing.com\/fr\/wp-json\/wp\/v2\/product_brand?post=20161"},{"taxonomy":"product_cat","embeddable":true,"href":"https:\/\/www.agronetbrewing.com\/fr\/wp-json\/wp\/v2\/product_cat?post=20161"},{"taxonomy":"product_tag","embeddable":true,"href":"https:\/\/www.agronetbrewing.com\/fr\/wp-json\/wp\/v2\/product_tag?post=20161"}],"curies":[{"name":"wp","href":"https:\/\/api.w.org\/{rel}","templated":true}]}}