{"id":20253,"date":"2022-06-20T11:01:26","date_gmt":"2022-06-20T11:01:28","guid":{"rendered":"https:\/\/www.agronetbrewing.com\/?post_type=product&#038;p=20253"},"modified":"2022-10-05T08:18:38","modified_gmt":"2022-10-05T08:18:38","slug":"fermolager-crisp","status":"publish","type":"product","link":"https:\/\/www.agronetbrewing.com\/fr\/productos\/levure-et-bacteries\/aeb-fr\/fermolager-crisp\/","title":{"rendered":"FERMOLAGER Crisp"},"content":{"rendered":"","protected":false},"excerpt":{"rendered":"<p>Levure de basse fermentation polyvalente qui lui conf\u00e8re un caract\u00e8re \u00ab\u00a0croustillant\u00a0\u00bb, \u00e9l\u00e9gant et net. Originaire de Mexico, cette levure permet de mettre en valeur les ar\u00f4mes de malt et de houblon, tout en donnant une saveur \u00e9quilibr\u00e9e et une facilit\u00e9 de consommation exceptionnelle gr\u00e2ce \u00e0 la finale s\u00e8che. Il permet une att\u00e9nuation \u00e9lev\u00e9e m\u00eame \u00e0 des temp\u00e9ratures plus basses que celles traditionnellement utilis\u00e9es pour la fermentation des bi\u00e8res blondes. Une excellente souche de levure pour la fermentation de bi\u00e8res blondes supr\u00eames.<\/p>\n","protected":false},"featured_media":20195,"template":"","meta":[],"pwb-brand":[],"product_brand":[],"product_cat":[982],"product_tag":[],"class_list":{"0":"post-20253","1":"product","2":"type-product","3":"status-publish","4":"has-post-thumbnail","6":"product_cat-aeb-fr","8":"first","9":"instock","10":"taxable","11":"shipping-taxable","12":"product-type-variable","13":"customify-col","14":"product-has-gallery"},"brands":[],"_links":{"self":[{"href":"https:\/\/www.agronetbrewing.com\/fr\/wp-json\/wp\/v2\/product\/20253","targetHints":{"allow":["GET"]}}],"collection":[{"href":"https:\/\/www.agronetbrewing.com\/fr\/wp-json\/wp\/v2\/product"}],"about":[{"href":"https:\/\/www.agronetbrewing.com\/fr\/wp-json\/wp\/v2\/types\/product"}],"version-history":[{"count":1,"href":"https:\/\/www.agronetbrewing.com\/fr\/wp-json\/wp\/v2\/product\/20253\/revisions"}],"predecessor-version":[{"id":20262,"href":"https:\/\/www.agronetbrewing.com\/fr\/wp-json\/wp\/v2\/product\/20253\/revisions\/20262"}],"wp:featuredmedia":[{"embeddable":true,"href":"https:\/\/www.agronetbrewing.com\/fr\/wp-json\/wp\/v2\/media\/20195"}],"wp:attachment":[{"href":"https:\/\/www.agronetbrewing.com\/fr\/wp-json\/wp\/v2\/media?parent=20253"}],"wp:term":[{"taxonomy":"pwb-brand","embeddable":true,"href":"https:\/\/www.agronetbrewing.com\/fr\/wp-json\/wp\/v2\/pwb-brand?post=20253"},{"taxonomy":"product_brand","embeddable":true,"href":"https:\/\/www.agronetbrewing.com\/fr\/wp-json\/wp\/v2\/product_brand?post=20253"},{"taxonomy":"product_cat","embeddable":true,"href":"https:\/\/www.agronetbrewing.com\/fr\/wp-json\/wp\/v2\/product_cat?post=20253"},{"taxonomy":"product_tag","embeddable":true,"href":"https:\/\/www.agronetbrewing.com\/fr\/wp-json\/wp\/v2\/product_tag?post=20253"}],"curies":[{"name":"wp","href":"https:\/\/api.w.org\/{rel}","templated":true}]}}