{"id":20272,"date":"2022-06-20T12:42:24","date_gmt":"2022-06-20T12:42:24","guid":{"rendered":"https:\/\/www.agronetbrewing.com\/?post_type=product&#038;p=20272"},"modified":"2022-10-05T08:18:01","modified_gmt":"2022-10-05T08:18:01","slug":"fermoale-new-e","status":"publish","type":"product","link":"https:\/\/www.agronetbrewing.com\/fr\/productos\/levure-et-bacteries\/aeb-fr\/fermoale-new-e\/","title":{"rendered":"FERMOALE New-E"},"content":{"rendered":"","protected":false},"excerpt":{"rendered":"<p>Souche de levure \u00e0 fermentation haute id\u00e9ale pour la production de New England IPA (NEIPA), Double Hazy IPA et Hazy pale ale. Il permet d&rsquo;obtenir des bi\u00e8res d&rsquo;aspect opalescent au profil aromatique \u00e9quilibr\u00e9 avec des notes de fruits tropicaux avec une finale douce. L&rsquo;apport aromatique de cette levure correspond parfaitement au profil des bi\u00e8res houblonn\u00e9es.<\/p>\n","protected":false},"featured_media":20211,"template":"","meta":[],"pwb-brand":[],"product_brand":[],"product_cat":[982],"product_tag":[],"class_list":{"0":"post-20272","1":"product","2":"type-product","3":"status-publish","4":"has-post-thumbnail","6":"product_cat-aeb-fr","8":"first","9":"instock","10":"taxable","11":"shipping-taxable","12":"product-type-variable","13":"customify-col","14":"product-has-gallery"},"brands":[],"_links":{"self":[{"href":"https:\/\/www.agronetbrewing.com\/fr\/wp-json\/wp\/v2\/product\/20272","targetHints":{"allow":["GET"]}}],"collection":[{"href":"https:\/\/www.agronetbrewing.com\/fr\/wp-json\/wp\/v2\/product"}],"about":[{"href":"https:\/\/www.agronetbrewing.com\/fr\/wp-json\/wp\/v2\/types\/product"}],"version-history":[{"count":1,"href":"https:\/\/www.agronetbrewing.com\/fr\/wp-json\/wp\/v2\/product\/20272\/revisions"}],"predecessor-version":[{"id":20281,"href":"https:\/\/www.agronetbrewing.com\/fr\/wp-json\/wp\/v2\/product\/20272\/revisions\/20281"}],"wp:featuredmedia":[{"embeddable":true,"href":"https:\/\/www.agronetbrewing.com\/fr\/wp-json\/wp\/v2\/media\/20211"}],"wp:attachment":[{"href":"https:\/\/www.agronetbrewing.com\/fr\/wp-json\/wp\/v2\/media?parent=20272"}],"wp:term":[{"taxonomy":"pwb-brand","embeddable":true,"href":"https:\/\/www.agronetbrewing.com\/fr\/wp-json\/wp\/v2\/pwb-brand?post=20272"},{"taxonomy":"product_brand","embeddable":true,"href":"https:\/\/www.agronetbrewing.com\/fr\/wp-json\/wp\/v2\/product_brand?post=20272"},{"taxonomy":"product_cat","embeddable":true,"href":"https:\/\/www.agronetbrewing.com\/fr\/wp-json\/wp\/v2\/product_cat?post=20272"},{"taxonomy":"product_tag","embeddable":true,"href":"https:\/\/www.agronetbrewing.com\/fr\/wp-json\/wp\/v2\/product_tag?post=20272"}],"curies":[{"name":"wp","href":"https:\/\/api.w.org\/{rel}","templated":true}]}}