{"id":20289,"date":"2022-06-20T13:01:28","date_gmt":"2022-06-20T13:01:29","guid":{"rendered":"https:\/\/www.agronetbrewing.com\/?post_type=product&#038;p=20289"},"modified":"2022-10-05T08:16:49","modified_gmt":"2022-10-05T08:16:49","slug":"fermo-kveik-sv","status":"publish","type":"product","link":"https:\/\/www.agronetbrewing.com\/fr\/productos\/levure-et-bacteries\/aeb-fr\/fermo-kveik-sv\/","title":{"rendered":"FERMO Kveik SV"},"content":{"rendered":"","protected":false},"excerpt":{"rendered":"<p>Une authentique souche Kveik de fermentation haute de Voss, en Norv\u00e8ge.<br \/>\nIl se caract\u00e9rise par une fermentation tr\u00e8s rapide \u00e0 des temp\u00e9ratures \u00e9lev\u00e9es atteignant une att\u00e9nuation compl\u00e8te.<br \/>\nen 48-72 heures et poss\u00e8de une capacit\u00e9 de floculation exceptionnelle.<br \/>\nCela permet des \u00e9conomies d&rsquo;\u00e9nergie consid\u00e9rables et l&rsquo;optimisation de la capacit\u00e9 de production de la salle de montage.<br \/>\nfermentation.<br \/>\nIl permet la production de bi\u00e8res l\u00e9g\u00e8res au profil aromatique neutre avec de l\u00e9g\u00e8res notes d&rsquo;\u00e9corce d&rsquo;orange et d&rsquo;agrumes.<br \/>\nLa souche Kveik est une levure s\u00e8che active de haute fermentation pour la production d&rsquo;une large gamme de bi\u00e8res.<br \/>\nM\u00eame \u00e0 des temp\u00e9ratures \u00e9lev\u00e9es, il ne produit pas de compos\u00e9s ph\u00e9noliques d\u00e9sagr\u00e9ables ou d&rsquo;alcools sup\u00e9rieurs.<br \/>\nL&rsquo;expression aromatique des esters fruit\u00e9s est directement proportionnelle \u00e0 la temp\u00e9rature de fermentation.<\/p>\n","protected":false},"featured_media":20207,"template":"","meta":[],"pwb-brand":[],"product_brand":[],"product_cat":[982],"product_tag":[],"class_list":{"0":"post-20289","1":"product","2":"type-product","3":"status-publish","4":"has-post-thumbnail","6":"product_cat-aeb-fr","8":"first","9":"instock","10":"taxable","11":"shipping-taxable","12":"product-type-variable","13":"customify-col","14":"product-has-gallery"},"brands":[],"_links":{"self":[{"href":"https:\/\/www.agronetbrewing.com\/fr\/wp-json\/wp\/v2\/product\/20289","targetHints":{"allow":["GET"]}}],"collection":[{"href":"https:\/\/www.agronetbrewing.com\/fr\/wp-json\/wp\/v2\/product"}],"about":[{"href":"https:\/\/www.agronetbrewing.com\/fr\/wp-json\/wp\/v2\/types\/product"}],"version-history":[{"count":1,"href":"https:\/\/www.agronetbrewing.com\/fr\/wp-json\/wp\/v2\/product\/20289\/revisions"}],"predecessor-version":[{"id":20306,"href":"https:\/\/www.agronetbrewing.com\/fr\/wp-json\/wp\/v2\/product\/20289\/revisions\/20306"}],"wp:featuredmedia":[{"embeddable":true,"href":"https:\/\/www.agronetbrewing.com\/fr\/wp-json\/wp\/v2\/media\/20207"}],"wp:attachment":[{"href":"https:\/\/www.agronetbrewing.com\/fr\/wp-json\/wp\/v2\/media?parent=20289"}],"wp:term":[{"taxonomy":"pwb-brand","embeddable":true,"href":"https:\/\/www.agronetbrewing.com\/fr\/wp-json\/wp\/v2\/pwb-brand?post=20289"},{"taxonomy":"product_brand","embeddable":true,"href":"https:\/\/www.agronetbrewing.com\/fr\/wp-json\/wp\/v2\/product_brand?post=20289"},{"taxonomy":"product_cat","embeddable":true,"href":"https:\/\/www.agronetbrewing.com\/fr\/wp-json\/wp\/v2\/product_cat?post=20289"},{"taxonomy":"product_tag","embeddable":true,"href":"https:\/\/www.agronetbrewing.com\/fr\/wp-json\/wp\/v2\/product_tag?post=20289"}],"curies":[{"name":"wp","href":"https:\/\/api.w.org\/{rel}","templated":true}]}}