{"id":20307,"date":"2022-06-23T09:17:50","date_gmt":"2022-06-23T09:17:50","guid":{"rendered":"https:\/\/www.agronetbrewing.com\/?post_type=product&#038;p=20307"},"modified":"2022-10-05T08:10:15","modified_gmt":"2022-10-05T08:10:15","slug":"fermoale-bel-abbaye","status":"publish","type":"product","link":"https:\/\/www.agronetbrewing.com\/fr\/productos\/levure-et-bacteries\/aeb-fr\/fermoale-bel-abbaye\/","title":{"rendered":"FERMOALE Bel-Abbaye"},"content":{"rendered":"","protected":false},"excerpt":{"rendered":"<p>Levure de fermentation haute d&rsquo;origine belge s\u00e9lectionn\u00e9e pour la production d&rsquo;une large gamme d&rsquo;Ale telles que<br \/>\nBi\u00e8res d&rsquo;abbaye (Enkel, Dubbel, Tripel &amp; Quadrupel) Belgian Pale, Dark Strong Ale, Belgian Blonde et Pale Ale. Cette<br \/>\nlevure conf\u00e8re un profil aromatique complexe mais net avec de d\u00e9licates notes ph\u00e9noliques enrichies d&rsquo;ar\u00f4mes de<br \/>\nfruits m\u00fbrs. 91 \/ 5.000 Resultats de traducci\u00f3 La FERMOALE Bel-Abbey a une bonne fermentescibilit\u00e9 et fermente tr\u00e8s rapidement, elle est<br \/>\nfloculation moyenne et d\u00e9cantation assez rapide en fin de fermentation.<\/p>\n","protected":false},"featured_media":20179,"template":"","meta":[],"pwb-brand":[],"product_brand":[],"product_cat":[982],"product_tag":[],"class_list":{"0":"post-20307","1":"product","2":"type-product","3":"status-publish","4":"has-post-thumbnail","6":"product_cat-aeb-fr","8":"first","9":"instock","10":"taxable","11":"shipping-taxable","12":"product-type-variable","13":"customify-col","14":"product-has-gallery"},"brands":[],"_links":{"self":[{"href":"https:\/\/www.agronetbrewing.com\/fr\/wp-json\/wp\/v2\/product\/20307","targetHints":{"allow":["GET"]}}],"collection":[{"href":"https:\/\/www.agronetbrewing.com\/fr\/wp-json\/wp\/v2\/product"}],"about":[{"href":"https:\/\/www.agronetbrewing.com\/fr\/wp-json\/wp\/v2\/types\/product"}],"version-history":[{"count":1,"href":"https:\/\/www.agronetbrewing.com\/fr\/wp-json\/wp\/v2\/product\/20307\/revisions"}],"predecessor-version":[{"id":20368,"href":"https:\/\/www.agronetbrewing.com\/fr\/wp-json\/wp\/v2\/product\/20307\/revisions\/20368"}],"wp:featuredmedia":[{"embeddable":true,"href":"https:\/\/www.agronetbrewing.com\/fr\/wp-json\/wp\/v2\/media\/20179"}],"wp:attachment":[{"href":"https:\/\/www.agronetbrewing.com\/fr\/wp-json\/wp\/v2\/media?parent=20307"}],"wp:term":[{"taxonomy":"pwb-brand","embeddable":true,"href":"https:\/\/www.agronetbrewing.com\/fr\/wp-json\/wp\/v2\/pwb-brand?post=20307"},{"taxonomy":"product_brand","embeddable":true,"href":"https:\/\/www.agronetbrewing.com\/fr\/wp-json\/wp\/v2\/product_brand?post=20307"},{"taxonomy":"product_cat","embeddable":true,"href":"https:\/\/www.agronetbrewing.com\/fr\/wp-json\/wp\/v2\/product_cat?post=20307"},{"taxonomy":"product_tag","embeddable":true,"href":"https:\/\/www.agronetbrewing.com\/fr\/wp-json\/wp\/v2\/product_tag?post=20307"}],"curies":[{"name":"wp","href":"https:\/\/api.w.org\/{rel}","templated":true}]}}