{"id":20353,"date":"2022-06-28T10:25:30","date_gmt":"2022-06-28T10:25:31","guid":{"rendered":"https:\/\/www.agronetbrewing.com\/?post_type=product&#038;p=20353"},"modified":"2022-10-05T08:15:26","modified_gmt":"2022-10-05T08:15:26","slug":"fermoale-ay4","status":"publish","type":"product","link":"https:\/\/www.agronetbrewing.com\/fr\/productos\/levure-et-bacteries\/aeb-fr\/fermoale-ay4\/","title":{"rendered":"FERMOALE AY4"},"content":{"rendered":"","protected":false},"excerpt":{"rendered":"<p>Levure tr\u00e8s polyvalente d&rsquo;origine am\u00e9ricaine pour la production de bi\u00e8res Ale de style am\u00e9ricain et anglais (par exemple APA, IPA, Imperial \/ Double IPA, Imperial Stout, Imperial Porter, Brown Ale, American Barley Wine, etc.). Il a une excellente capacit\u00e9 d&rsquo;att\u00e9nuation, une vitesse de fermentation \u00e9lev\u00e9e et une floculation moyenne. FERMOALE AY4 D\u00e9veloppe un profil aromatique neutre et propre avec de tr\u00e8s faibles niveaux de diac\u00e9tyle.<\/p>\n","protected":false},"featured_media":20187,"template":"","meta":[],"pwb-brand":[],"product_brand":[],"product_cat":[982],"product_tag":[],"class_list":{"0":"post-20353","1":"product","2":"type-product","3":"status-publish","4":"has-post-thumbnail","6":"product_cat-aeb-fr","8":"first","9":"instock","10":"taxable","11":"shipping-taxable","12":"product-type-variable","13":"customify-col","14":"product-has-gallery"},"brands":[],"_links":{"self":[{"href":"https:\/\/www.agronetbrewing.com\/fr\/wp-json\/wp\/v2\/product\/20353","targetHints":{"allow":["GET"]}}],"collection":[{"href":"https:\/\/www.agronetbrewing.com\/fr\/wp-json\/wp\/v2\/product"}],"about":[{"href":"https:\/\/www.agronetbrewing.com\/fr\/wp-json\/wp\/v2\/types\/product"}],"version-history":[{"count":1,"href":"https:\/\/www.agronetbrewing.com\/fr\/wp-json\/wp\/v2\/product\/20353\/revisions"}],"predecessor-version":[{"id":20366,"href":"https:\/\/www.agronetbrewing.com\/fr\/wp-json\/wp\/v2\/product\/20353\/revisions\/20366"}],"wp:featuredmedia":[{"embeddable":true,"href":"https:\/\/www.agronetbrewing.com\/fr\/wp-json\/wp\/v2\/media\/20187"}],"wp:attachment":[{"href":"https:\/\/www.agronetbrewing.com\/fr\/wp-json\/wp\/v2\/media?parent=20353"}],"wp:term":[{"taxonomy":"pwb-brand","embeddable":true,"href":"https:\/\/www.agronetbrewing.com\/fr\/wp-json\/wp\/v2\/pwb-brand?post=20353"},{"taxonomy":"product_brand","embeddable":true,"href":"https:\/\/www.agronetbrewing.com\/fr\/wp-json\/wp\/v2\/product_brand?post=20353"},{"taxonomy":"product_cat","embeddable":true,"href":"https:\/\/www.agronetbrewing.com\/fr\/wp-json\/wp\/v2\/product_cat?post=20353"},{"taxonomy":"product_tag","embeddable":true,"href":"https:\/\/www.agronetbrewing.com\/fr\/wp-json\/wp\/v2\/product_tag?post=20353"}],"curies":[{"name":"wp","href":"https:\/\/api.w.org\/{rel}","templated":true}]}}