{"id":20403,"date":"2022-06-28T12:50:02","date_gmt":"2022-06-28T12:50:02","guid":{"rendered":"https:\/\/www.agronetbrewing.com\/?post_type=product&#038;p=20403"},"modified":"2022-10-05T08:07:56","modified_gmt":"2022-10-05T08:07:56","slug":"fermo-kveik-h","status":"publish","type":"product","link":"https:\/\/www.agronetbrewing.com\/fr\/productos\/levure-et-bacteries\/aeb-fr\/fermo-kveik-h\/","title":{"rendered":"FERMO Kveik H"},"content":{"rendered":"","protected":false},"excerpt":{"rendered":"<p>Une authentique souche Kveik de fermentation haute de Hornindal, en Norv\u00e8ge. Il se caract\u00e9rise par une fermentation tr\u00e8s rapide \u00e0 haute temp\u00e9rature, atteignant une att\u00e9nuation compl\u00e8te en 48-72 heures et poss\u00e8de une capacit\u00e9 de floculation exceptionnelle. Cela permet des \u00e9conomies d&rsquo;\u00e9nergie consid\u00e9rables et l&rsquo;optimisation de la capacit\u00e9 de production de la salle de fermentation.<\/p>\n<p>Il permet de produire des bi\u00e8res l\u00e9g\u00e8res au profil aromatique prononc\u00e9 avec des notes intenses mais agr\u00e9ables de p\u00eache, de mandarine, d&rsquo;ananas et de mangue.<\/p>\n<p>La levure id\u00e9ale pour faire des bi\u00e8res aux ar\u00f4mes fruit\u00e9s et houblonn\u00e9s.<\/p>\n","protected":false},"featured_media":20203,"template":"","meta":[],"pwb-brand":[],"product_brand":[],"product_cat":[982],"product_tag":[],"class_list":{"0":"post-20403","1":"product","2":"type-product","3":"status-publish","4":"has-post-thumbnail","6":"product_cat-aeb-fr","8":"first","9":"instock","10":"taxable","11":"shipping-taxable","12":"product-type-variable","13":"customify-col","14":"product-has-gallery"},"brands":[],"_links":{"self":[{"href":"https:\/\/www.agronetbrewing.com\/fr\/wp-json\/wp\/v2\/product\/20403","targetHints":{"allow":["GET"]}}],"collection":[{"href":"https:\/\/www.agronetbrewing.com\/fr\/wp-json\/wp\/v2\/product"}],"about":[{"href":"https:\/\/www.agronetbrewing.com\/fr\/wp-json\/wp\/v2\/types\/product"}],"version-history":[{"count":1,"href":"https:\/\/www.agronetbrewing.com\/fr\/wp-json\/wp\/v2\/product\/20403\/revisions"}],"predecessor-version":[{"id":20416,"href":"https:\/\/www.agronetbrewing.com\/fr\/wp-json\/wp\/v2\/product\/20403\/revisions\/20416"}],"wp:featuredmedia":[{"embeddable":true,"href":"https:\/\/www.agronetbrewing.com\/fr\/wp-json\/wp\/v2\/media\/20203"}],"wp:attachment":[{"href":"https:\/\/www.agronetbrewing.com\/fr\/wp-json\/wp\/v2\/media?parent=20403"}],"wp:term":[{"taxonomy":"pwb-brand","embeddable":true,"href":"https:\/\/www.agronetbrewing.com\/fr\/wp-json\/wp\/v2\/pwb-brand?post=20403"},{"taxonomy":"product_brand","embeddable":true,"href":"https:\/\/www.agronetbrewing.com\/fr\/wp-json\/wp\/v2\/product_brand?post=20403"},{"taxonomy":"product_cat","embeddable":true,"href":"https:\/\/www.agronetbrewing.com\/fr\/wp-json\/wp\/v2\/product_cat?post=20403"},{"taxonomy":"product_tag","embeddable":true,"href":"https:\/\/www.agronetbrewing.com\/fr\/wp-json\/wp\/v2\/product_tag?post=20403"}],"curies":[{"name":"wp","href":"https:\/\/api.w.org\/{rel}","templated":true}]}}