{"id":20424,"date":"2022-06-28T13:18:00","date_gmt":"2022-06-28T13:18:00","guid":{"rendered":"https:\/\/www.agronetbrewing.com\/?post_type=product&#038;p=20424"},"modified":"2022-10-04T09:05:05","modified_gmt":"2022-10-04T09:05:05","slug":"fermolager-w","status":"publish","type":"product","link":"https:\/\/www.agronetbrewing.com\/fr\/productos\/levure-et-bacteries\/aeb-fr\/fermolager-w\/","title":{"rendered":"FERMOLAGER W"},"content":{"rendered":"","protected":false},"excerpt":{"rendered":"<p>Levure de fermentation basse s\u00e9lectionn\u00e9e par l&rsquo;Universit\u00e9 technique Weihenstephan de Munich pour la production de diff\u00e9rents types de bi\u00e8res de fermentation basse (par exemple Pilsner, Hell, Bock, Schwarz, etc.). Son pouvoir att\u00e9nuant est \u00e9lev\u00e9 et il convient \u00e0 la production de bi\u00e8res Lager au profil aromatique neutre et \u00e9quilibr\u00e9.<\/p>\n<p>FERMOLAGER W est une levure fortement floculante capable de se d\u00e9poser rapidement en fin de fermentation.<\/p>\n","protected":false},"featured_media":20429,"template":"","meta":[],"pwb-brand":[],"product_brand":[],"product_cat":[982],"product_tag":[],"class_list":{"0":"post-20424","1":"product","2":"type-product","3":"status-publish","4":"has-post-thumbnail","6":"product_cat-aeb-fr","8":"first","9":"instock","10":"taxable","11":"shipping-taxable","12":"product-type-variable","13":"customify-col","14":"product-has-gallery"},"brands":[],"_links":{"self":[{"href":"https:\/\/www.agronetbrewing.com\/fr\/wp-json\/wp\/v2\/product\/20424","targetHints":{"allow":["GET"]}}],"collection":[{"href":"https:\/\/www.agronetbrewing.com\/fr\/wp-json\/wp\/v2\/product"}],"about":[{"href":"https:\/\/www.agronetbrewing.com\/fr\/wp-json\/wp\/v2\/types\/product"}],"version-history":[{"count":1,"href":"https:\/\/www.agronetbrewing.com\/fr\/wp-json\/wp\/v2\/product\/20424\/revisions"}],"predecessor-version":[{"id":20441,"href":"https:\/\/www.agronetbrewing.com\/fr\/wp-json\/wp\/v2\/product\/20424\/revisions\/20441"}],"wp:featuredmedia":[{"embeddable":true,"href":"https:\/\/www.agronetbrewing.com\/fr\/wp-json\/wp\/v2\/media\/20429"}],"wp:attachment":[{"href":"https:\/\/www.agronetbrewing.com\/fr\/wp-json\/wp\/v2\/media?parent=20424"}],"wp:term":[{"taxonomy":"pwb-brand","embeddable":true,"href":"https:\/\/www.agronetbrewing.com\/fr\/wp-json\/wp\/v2\/pwb-brand?post=20424"},{"taxonomy":"product_brand","embeddable":true,"href":"https:\/\/www.agronetbrewing.com\/fr\/wp-json\/wp\/v2\/product_brand?post=20424"},{"taxonomy":"product_cat","embeddable":true,"href":"https:\/\/www.agronetbrewing.com\/fr\/wp-json\/wp\/v2\/product_cat?post=20424"},{"taxonomy":"product_tag","embeddable":true,"href":"https:\/\/www.agronetbrewing.com\/fr\/wp-json\/wp\/v2\/product_tag?post=20424"}],"curies":[{"name":"wp","href":"https:\/\/api.w.org\/{rel}","templated":true}]}}