{"id":20449,"date":"2022-06-28T13:36:21","date_gmt":"2022-06-28T13:36:22","guid":{"rendered":"https:\/\/www.agronetbrewing.com\/?post_type=product&#038;p=20449"},"modified":"2022-10-04T09:03:20","modified_gmt":"2022-10-04T09:03:20","slug":"fermolager-berlin","status":"publish","type":"product","link":"https:\/\/www.agronetbrewing.com\/fr\/productos\/levure-et-bacteries\/aeb-fr\/fermolager-berlin\/","title":{"rendered":"FERMOLAGER BERLIN"},"content":{"rendered":"","protected":false},"excerpt":{"rendered":"<p>Fermolager Berlin est une levure de basse fermentation s\u00e9lectionn\u00e9e pour la production de bi\u00e8res de type Pils ou Lager.<br \/>\nL&rsquo;origine est de l&rsquo;Universit\u00e9 allemande de Berlin. La capacit\u00e9 de fermentation est \u00e9lev\u00e9e et cette souche se caract\u00e9rise par la production de bi\u00e8res blondes riches en esters aux caract\u00e9ristiques fruit\u00e9es.<\/p>\n","protected":false},"featured_media":20458,"template":"","meta":[],"pwb-brand":[1018],"product_brand":[],"product_cat":[982],"product_tag":[],"class_list":{"0":"post-20449","1":"product","2":"type-product","3":"status-publish","4":"has-post-thumbnail","6":"pwb-brand-aeb","7":"product_cat-aeb-fr","9":"first","10":"instock","11":"taxable","12":"shipping-taxable","13":"product-type-variable","14":"customify-col","15":"product-has-gallery"},"brands":[{"id":1018,"name":"AEB","slug":"aeb"}],"_links":{"self":[{"href":"https:\/\/www.agronetbrewing.com\/fr\/wp-json\/wp\/v2\/product\/20449","targetHints":{"allow":["GET"]}}],"collection":[{"href":"https:\/\/www.agronetbrewing.com\/fr\/wp-json\/wp\/v2\/product"}],"about":[{"href":"https:\/\/www.agronetbrewing.com\/fr\/wp-json\/wp\/v2\/types\/product"}],"version-history":[{"count":1,"href":"https:\/\/www.agronetbrewing.com\/fr\/wp-json\/wp\/v2\/product\/20449\/revisions"}],"predecessor-version":[{"id":20466,"href":"https:\/\/www.agronetbrewing.com\/fr\/wp-json\/wp\/v2\/product\/20449\/revisions\/20466"}],"wp:featuredmedia":[{"embeddable":true,"href":"https:\/\/www.agronetbrewing.com\/fr\/wp-json\/wp\/v2\/media\/20458"}],"wp:attachment":[{"href":"https:\/\/www.agronetbrewing.com\/fr\/wp-json\/wp\/v2\/media?parent=20449"}],"wp:term":[{"taxonomy":"pwb-brand","embeddable":true,"href":"https:\/\/www.agronetbrewing.com\/fr\/wp-json\/wp\/v2\/pwb-brand?post=20449"},{"taxonomy":"product_brand","embeddable":true,"href":"https:\/\/www.agronetbrewing.com\/fr\/wp-json\/wp\/v2\/product_brand?post=20449"},{"taxonomy":"product_cat","embeddable":true,"href":"https:\/\/www.agronetbrewing.com\/fr\/wp-json\/wp\/v2\/product_cat?post=20449"},{"taxonomy":"product_tag","embeddable":true,"href":"https:\/\/www.agronetbrewing.com\/fr\/wp-json\/wp\/v2\/product_tag?post=20449"}],"curies":[{"name":"wp","href":"https:\/\/api.w.org\/{rel}","templated":true}]}}