{"id":21108,"date":"2022-09-30T08:36:10","date_gmt":"2022-09-30T08:36:13","guid":{"rendered":"https:\/\/www.agronetbrewing.com\/?post_type=product&#038;p=21108"},"modified":"2022-10-04T09:19:43","modified_gmt":"2022-10-04T09:19:43","slug":"best-heidelberg-pilsen","status":"publish","type":"product","link":"https:\/\/www.agronetbrewing.com\/fr\/productos\/malts\/best-heidelberg-pilsen\/","title":{"rendered":"Best Heidelberg Pilsen"},"content":{"rendered":"","protected":false},"excerpt":{"rendered":"<p>BEST Heidelberg est un malt fabriqu\u00e9 \u00e0 partir de vari\u00e9t\u00e9s sp\u00e9ciales d&rsquo;orge de brasserie \u00e0 deux rangs qui ont moins tendance \u00e0 se colorer lors du processus de maltage.<br \/>\nLe BEST Heidelberger est particuli\u00e8rement adapt\u00e9 \u00e0 la production de bi\u00e8res particuli\u00e8rement l\u00e9g\u00e8res. La teneur en prot\u00e9ines du malt est g\u00e9n\u00e9ralement un peu plus faible que celle d&rsquo;un malt Pilsener classique de la r\u00e9colte correspondante, mais il pr\u00e9sente des valeurs d&rsquo;extrait \u00e9lev\u00e9es et des enzymes tr\u00e8s actives.<\/p>\n","protected":false},"featured_media":21901,"template":"","meta":[],"pwb-brand":[1009],"product_brand":[],"product_cat":[1008],"product_tag":[],"class_list":{"0":"post-21108","1":"product","2":"type-product","3":"status-publish","4":"has-post-thumbnail","6":"pwb-brand-best_malz","7":"product_cat-malts","9":"first","10":"instock","11":"taxable","12":"shipping-taxable","13":"product-type-variable","14":"customify-col"},"brands":[{"id":1009,"name":"BEST MALZ","slug":"best_malz"}],"_links":{"self":[{"href":"https:\/\/www.agronetbrewing.com\/fr\/wp-json\/wp\/v2\/product\/21108","targetHints":{"allow":["GET"]}}],"collection":[{"href":"https:\/\/www.agronetbrewing.com\/fr\/wp-json\/wp\/v2\/product"}],"about":[{"href":"https:\/\/www.agronetbrewing.com\/fr\/wp-json\/wp\/v2\/types\/product"}],"version-history":[{"count":1,"href":"https:\/\/www.agronetbrewing.com\/fr\/wp-json\/wp\/v2\/product\/21108\/revisions"}],"predecessor-version":[{"id":21293,"href":"https:\/\/www.agronetbrewing.com\/fr\/wp-json\/wp\/v2\/product\/21108\/revisions\/21293"}],"wp:featuredmedia":[{"embeddable":true,"href":"https:\/\/www.agronetbrewing.com\/fr\/wp-json\/wp\/v2\/media\/21901"}],"wp:attachment":[{"href":"https:\/\/www.agronetbrewing.com\/fr\/wp-json\/wp\/v2\/media?parent=21108"}],"wp:term":[{"taxonomy":"pwb-brand","embeddable":true,"href":"https:\/\/www.agronetbrewing.com\/fr\/wp-json\/wp\/v2\/pwb-brand?post=21108"},{"taxonomy":"product_brand","embeddable":true,"href":"https:\/\/www.agronetbrewing.com\/fr\/wp-json\/wp\/v2\/product_brand?post=21108"},{"taxonomy":"product_cat","embeddable":true,"href":"https:\/\/www.agronetbrewing.com\/fr\/wp-json\/wp\/v2\/product_cat?post=21108"},{"taxonomy":"product_tag","embeddable":true,"href":"https:\/\/www.agronetbrewing.com\/fr\/wp-json\/wp\/v2\/product_tag?post=21108"}],"curies":[{"name":"wp","href":"https:\/\/api.w.org\/{rel}","templated":true}]}}