{"id":21508,"date":"2022-10-05T13:26:47","date_gmt":"2022-10-05T13:26:50","guid":{"rendered":"https:\/\/www.agronetbrewing.com\/?post_type=product&#038;p=21508"},"modified":"2022-10-07T08:34:43","modified_gmt":"2022-10-07T08:34:43","slug":"best-pilsen-malt-copia","status":"publish","type":"product","link":"https:\/\/www.agronetbrewing.com\/fr\/productos\/malts\/best-pilsen-malt-copia\/","title":{"rendered":"Best Vienna"},"content":{"rendered":"<p><\/p>\n","protected":false},"excerpt":{"rendered":"<p>L&rsquo;utilisation de BEST Vienna permet d&rsquo;obtenir une couleur de bi\u00e8re enti\u00e8rement dor\u00e9e, une excellente formation de mousse et un go\u00fbt agr\u00e9able et cors\u00e9 dans la bi\u00e8re finale.<br \/>\nContrairement \u00e0 BEST Heidelberg, ce malt utilise des vari\u00e9t\u00e9s d&rsquo;orge de brasserie \u00e0 deux rangs qui forment davantage de substances colorantes au cours du processus de maltage. La teneur en prot\u00e9ines est l\u00e9g\u00e8rement sup\u00e9rieure \u00e0 celle d&rsquo;un malt Pilsen de la m\u00eame r\u00e9colte, avec une teneur en enzymes comparable et des valeurs d&rsquo;extrait \u00e9lev\u00e9es.<\/p>\n","protected":false},"featured_media":21994,"template":"","meta":[],"pwb-brand":[1009],"product_brand":[],"product_cat":[1008],"product_tag":[],"class_list":{"0":"post-21508","1":"product","2":"type-product","3":"status-publish","4":"has-post-thumbnail","6":"pwb-brand-best_malz","7":"product_cat-malts","9":"first","10":"instock","11":"taxable","12":"shipping-taxable","13":"product-type-variable","14":"customify-col"},"brands":[{"id":1009,"name":"BEST MALZ","slug":"best_malz"}],"_links":{"self":[{"href":"https:\/\/www.agronetbrewing.com\/fr\/wp-json\/wp\/v2\/product\/21508","targetHints":{"allow":["GET"]}}],"collection":[{"href":"https:\/\/www.agronetbrewing.com\/fr\/wp-json\/wp\/v2\/product"}],"about":[{"href":"https:\/\/www.agronetbrewing.com\/fr\/wp-json\/wp\/v2\/types\/product"}],"version-history":[{"count":3,"href":"https:\/\/www.agronetbrewing.com\/fr\/wp-json\/wp\/v2\/product\/21508\/revisions"}],"predecessor-version":[{"id":21522,"href":"https:\/\/www.agronetbrewing.com\/fr\/wp-json\/wp\/v2\/product\/21508\/revisions\/21522"}],"wp:featuredmedia":[{"embeddable":true,"href":"https:\/\/www.agronetbrewing.com\/fr\/wp-json\/wp\/v2\/media\/21994"}],"wp:attachment":[{"href":"https:\/\/www.agronetbrewing.com\/fr\/wp-json\/wp\/v2\/media?parent=21508"}],"wp:term":[{"taxonomy":"pwb-brand","embeddable":true,"href":"https:\/\/www.agronetbrewing.com\/fr\/wp-json\/wp\/v2\/pwb-brand?post=21508"},{"taxonomy":"product_brand","embeddable":true,"href":"https:\/\/www.agronetbrewing.com\/fr\/wp-json\/wp\/v2\/product_brand?post=21508"},{"taxonomy":"product_cat","embeddable":true,"href":"https:\/\/www.agronetbrewing.com\/fr\/wp-json\/wp\/v2\/product_cat?post=21508"},{"taxonomy":"product_tag","embeddable":true,"href":"https:\/\/www.agronetbrewing.com\/fr\/wp-json\/wp\/v2\/product_tag?post=21508"}],"curies":[{"name":"wp","href":"https:\/\/api.w.org\/{rel}","templated":true}]}}