{"id":21531,"date":"2022-10-07T09:13:27","date_gmt":"2022-10-07T09:13:28","guid":{"rendered":"https:\/\/www.agronetbrewing.com\/?post_type=product&#038;p=21531"},"modified":"2022-10-27T12:52:51","modified_gmt":"2022-10-27T12:52:51","slug":"best-munich-copia","status":"publish","type":"product","link":"https:\/\/www.agronetbrewing.com\/fr\/productos\/malts\/best-munich-copia\/","title":{"rendered":"Best Munich"},"content":{"rendered":"<p><\/p>\n","protected":false},"excerpt":{"rendered":"<p>Le BEST Munich renforce agr\u00e9ablement le go\u00fbt malt\u00e9 et cors\u00e9 des bi\u00e8res ambr\u00e9es \u00e0 fonc\u00e9es. M\u00eame avec de faibles proportions de grains, une note malt\u00e9e typique est obtenue dans la bi\u00e8re. BEST Munich est donc parfaitement appropri\u00e9e pour donner plus de corps aux bi\u00e8res \u00e0 tr\u00e8s haute fermentation.<br \/>\nEn raison de sa teneur en prot\u00e9ines g\u00e9n\u00e9ralement plus \u00e9lev\u00e9e, les valeurs de mousse des bi\u00e8res brass\u00e9es avec ce malt s&rsquo;am\u00e9liorent \u00e9galement avec l&rsquo;augmentation de la proportion de grains.<\/p>\n","protected":false},"featured_media":21993,"template":"","meta":[],"pwb-brand":[1009],"product_brand":[],"product_cat":[1008],"product_tag":[],"class_list":{"0":"post-21531","1":"product","2":"type-product","3":"status-publish","4":"has-post-thumbnail","6":"pwb-brand-best_malz","7":"product_cat-malts","9":"first","10":"instock","11":"taxable","12":"shipping-taxable","13":"product-type-variable","14":"customify-col"},"brands":[{"id":1009,"name":"BEST MALZ","slug":"best_malz"}],"_links":{"self":[{"href":"https:\/\/www.agronetbrewing.com\/fr\/wp-json\/wp\/v2\/product\/21531","targetHints":{"allow":["GET"]}}],"collection":[{"href":"https:\/\/www.agronetbrewing.com\/fr\/wp-json\/wp\/v2\/product"}],"about":[{"href":"https:\/\/www.agronetbrewing.com\/fr\/wp-json\/wp\/v2\/types\/product"}],"version-history":[{"count":2,"href":"https:\/\/www.agronetbrewing.com\/fr\/wp-json\/wp\/v2\/product\/21531\/revisions"}],"predecessor-version":[{"id":21560,"href":"https:\/\/www.agronetbrewing.com\/fr\/wp-json\/wp\/v2\/product\/21531\/revisions\/21560"}],"wp:featuredmedia":[{"embeddable":true,"href":"https:\/\/www.agronetbrewing.com\/fr\/wp-json\/wp\/v2\/media\/21993"}],"wp:attachment":[{"href":"https:\/\/www.agronetbrewing.com\/fr\/wp-json\/wp\/v2\/media?parent=21531"}],"wp:term":[{"taxonomy":"pwb-brand","embeddable":true,"href":"https:\/\/www.agronetbrewing.com\/fr\/wp-json\/wp\/v2\/pwb-brand?post=21531"},{"taxonomy":"product_brand","embeddable":true,"href":"https:\/\/www.agronetbrewing.com\/fr\/wp-json\/wp\/v2\/product_brand?post=21531"},{"taxonomy":"product_cat","embeddable":true,"href":"https:\/\/www.agronetbrewing.com\/fr\/wp-json\/wp\/v2\/product_cat?post=21531"},{"taxonomy":"product_tag","embeddable":true,"href":"https:\/\/www.agronetbrewing.com\/fr\/wp-json\/wp\/v2\/product_tag?post=21531"}],"curies":[{"name":"wp","href":"https:\/\/api.w.org\/{rel}","templated":true}]}}