{"id":21572,"date":"2022-10-10T10:40:02","date_gmt":"2022-10-10T10:40:03","guid":{"rendered":"https:\/\/www.agronetbrewing.com\/?post_type=product&#038;p=21572"},"modified":"2022-10-13T08:41:12","modified_gmt":"2022-10-13T08:41:12","slug":"best-red-x","status":"publish","type":"product","link":"https:\/\/www.agronetbrewing.com\/fr\/productos\/malts\/best-red-x\/","title":{"rendered":"Best Red X"},"content":{"rendered":"<p><\/p>\n","protected":false},"excerpt":{"rendered":"<p>BEST Red X\u00ae est devenu synonyme de bi\u00e8res \u00e0 la couleur rouge\u00e2tre. Il peut \u00eatre utilis\u00e9 \u00e0 100 % du grain et est donc pr\u00eat \u00e0 l&#8217;emploi sans ajout d&rsquo;autres malts. BEST Red X\u00ae garantit, avec la plus grande s\u00e9curit\u00e9 de processus possible et une aptitude optimale \u00e0 la transformation, que des bi\u00e8res brillantes reproductibles avec des couleurs rouges intenses peuvent \u00eatre brass\u00e9es.<\/p>\n<p>Le malt a \u00e9t\u00e9 con\u00e7u pour une bi\u00e8re P12. Pour les bi\u00e8res plus fortes, en raison de la teneur plus \u00e9lev\u00e9e en mo\u00fbt d&rsquo;origine, il convient d&rsquo;ajouter proportionnellement un peu de malt BEST Pilsener en vrac pour revenir dans la gamme des rouges.<\/p>\n","protected":false},"featured_media":21992,"template":"","meta":[],"pwb-brand":[1009],"product_brand":[],"product_cat":[1008],"product_tag":[],"class_list":{"0":"post-21572","1":"product","2":"type-product","3":"status-publish","4":"has-post-thumbnail","6":"pwb-brand-best_malz","7":"product_cat-malts","9":"first","10":"instock","11":"taxable","12":"shipping-taxable","13":"product-type-variable","14":"customify-col"},"brands":[{"id":1009,"name":"BEST MALZ","slug":"best_malz"}],"_links":{"self":[{"href":"https:\/\/www.agronetbrewing.com\/fr\/wp-json\/wp\/v2\/product\/21572","targetHints":{"allow":["GET"]}}],"collection":[{"href":"https:\/\/www.agronetbrewing.com\/fr\/wp-json\/wp\/v2\/product"}],"about":[{"href":"https:\/\/www.agronetbrewing.com\/fr\/wp-json\/wp\/v2\/types\/product"}],"version-history":[{"count":1,"href":"https:\/\/www.agronetbrewing.com\/fr\/wp-json\/wp\/v2\/product\/21572\/revisions"}],"predecessor-version":[{"id":21871,"href":"https:\/\/www.agronetbrewing.com\/fr\/wp-json\/wp\/v2\/product\/21572\/revisions\/21871"}],"wp:featuredmedia":[{"embeddable":true,"href":"https:\/\/www.agronetbrewing.com\/fr\/wp-json\/wp\/v2\/media\/21992"}],"wp:attachment":[{"href":"https:\/\/www.agronetbrewing.com\/fr\/wp-json\/wp\/v2\/media?parent=21572"}],"wp:term":[{"taxonomy":"pwb-brand","embeddable":true,"href":"https:\/\/www.agronetbrewing.com\/fr\/wp-json\/wp\/v2\/pwb-brand?post=21572"},{"taxonomy":"product_brand","embeddable":true,"href":"https:\/\/www.agronetbrewing.com\/fr\/wp-json\/wp\/v2\/product_brand?post=21572"},{"taxonomy":"product_cat","embeddable":true,"href":"https:\/\/www.agronetbrewing.com\/fr\/wp-json\/wp\/v2\/product_cat?post=21572"},{"taxonomy":"product_tag","embeddable":true,"href":"https:\/\/www.agronetbrewing.com\/fr\/wp-json\/wp\/v2\/product_tag?post=21572"}],"curies":[{"name":"wp","href":"https:\/\/api.w.org\/{rel}","templated":true}]}}