{"id":21677,"date":"2022-10-11T08:08:55","date_gmt":"2022-10-11T08:08:56","guid":{"rendered":"https:\/\/www.agronetbrewing.com\/?post_type=product&#038;p=21677"},"modified":"2022-10-13T10:48:27","modified_gmt":"2022-10-13T10:48:27","slug":"best-biscuit_fra","status":"publish","type":"product","link":"https:\/\/www.agronetbrewing.com\/fr\/productos\/malts\/best-biscuit_fra\/","title":{"rendered":"BEST Biscuit"},"content":{"rendered":"<p><\/p>\n","protected":false},"excerpt":{"rendered":"<p>BEST Biscuit est le malt torr\u00e9fi\u00e9 le plus l\u00e9ger de la gamme de malts torr\u00e9fi\u00e9s BEST. Il donne \u00e0 la bi\u00e8re un ar\u00f4me intense de malt sucr\u00e9 qui rappelle le pain et les biscuits fra\u00eechement cuits.<\/p>\n<p>Il combine de l\u00e9gers ar\u00f4mes torr\u00e9fi\u00e9s avec une couleur claire. Cet \u00e9clat dor\u00e9 se marie parfaitement avec une vari\u00e9t\u00e9 de bi\u00e8res et leur donne cette touche sp\u00e9ciale.<\/p>\n","protected":false},"featured_media":21884,"template":"","meta":[],"pwb-brand":[1009],"product_brand":[],"product_cat":[1008],"product_tag":[],"class_list":{"0":"post-21677","1":"product","2":"type-product","3":"status-publish","4":"has-post-thumbnail","6":"pwb-brand-best_malz","7":"product_cat-malts","9":"first","10":"instock","11":"taxable","12":"shipping-taxable","13":"product-type-variable","14":"customify-col"},"brands":[{"id":1009,"name":"BEST MALZ","slug":"best_malz"}],"_links":{"self":[{"href":"https:\/\/www.agronetbrewing.com\/fr\/wp-json\/wp\/v2\/product\/21677","targetHints":{"allow":["GET"]}}],"collection":[{"href":"https:\/\/www.agronetbrewing.com\/fr\/wp-json\/wp\/v2\/product"}],"about":[{"href":"https:\/\/www.agronetbrewing.com\/fr\/wp-json\/wp\/v2\/types\/product"}],"version-history":[{"count":1,"href":"https:\/\/www.agronetbrewing.com\/fr\/wp-json\/wp\/v2\/product\/21677\/revisions"}],"predecessor-version":[{"id":21883,"href":"https:\/\/www.agronetbrewing.com\/fr\/wp-json\/wp\/v2\/product\/21677\/revisions\/21883"}],"wp:featuredmedia":[{"embeddable":true,"href":"https:\/\/www.agronetbrewing.com\/fr\/wp-json\/wp\/v2\/media\/21884"}],"wp:attachment":[{"href":"https:\/\/www.agronetbrewing.com\/fr\/wp-json\/wp\/v2\/media?parent=21677"}],"wp:term":[{"taxonomy":"pwb-brand","embeddable":true,"href":"https:\/\/www.agronetbrewing.com\/fr\/wp-json\/wp\/v2\/pwb-brand?post=21677"},{"taxonomy":"product_brand","embeddable":true,"href":"https:\/\/www.agronetbrewing.com\/fr\/wp-json\/wp\/v2\/product_brand?post=21677"},{"taxonomy":"product_cat","embeddable":true,"href":"https:\/\/www.agronetbrewing.com\/fr\/wp-json\/wp\/v2\/product_cat?post=21677"},{"taxonomy":"product_tag","embeddable":true,"href":"https:\/\/www.agronetbrewing.com\/fr\/wp-json\/wp\/v2\/product_tag?post=21677"}],"curies":[{"name":"wp","href":"https:\/\/api.w.org\/{rel}","templated":true}]}}