{"id":21696,"date":"2022-10-11T08:14:40","date_gmt":"2022-10-11T08:14:40","guid":{"rendered":"https:\/\/www.agronetbrewing.com\/?post_type=product&#038;p=21696"},"modified":"2022-10-13T09:02:58","modified_gmt":"2022-10-13T09:02:58","slug":"best-heidelberg-wheat-fra","status":"publish","type":"product","link":"https:\/\/www.agronetbrewing.com\/fr\/productos\/malts\/best-heidelberg-wheat-fra\/","title":{"rendered":"BEST Heidelberg Wheat"},"content":{"rendered":"<p><\/p>\n","protected":false},"excerpt":{"rendered":"<p>Le BEST Heidelberger Malt est un malt particuli\u00e8rement l\u00e9ger qui accentue la fra\u00eecheur acidul\u00e9e ainsi que le go\u00fbt typique de la bi\u00e8re de bl\u00e9 de fermentation haute. Le BEST Heidelberger Malt est produit \u00e0 partir de vari\u00e9t\u00e9s de bl\u00e9 de brasserie de haute qualit\u00e9 qui n&rsquo;ont qu&rsquo;une tendance limit\u00e9e \u00e0 la coloration pendant le processus de maltage. En raison des mati\u00e8res premi\u00e8res utilis\u00e9es, la teneur en prot\u00e9ines est un peu plus mod\u00e9r\u00e9e que dans le BEST Wheat Malt.<\/p>\n","protected":false},"featured_media":21987,"template":"","meta":[],"pwb-brand":[1009],"product_brand":[],"product_cat":[1008],"product_tag":[],"class_list":{"0":"post-21696","1":"product","2":"type-product","3":"status-publish","4":"has-post-thumbnail","6":"pwb-brand-best_malz","7":"product_cat-malts","9":"first","10":"instock","11":"taxable","12":"shipping-taxable","13":"product-type-variable","14":"customify-col"},"brands":[{"id":1009,"name":"BEST MALZ","slug":"best_malz"}],"_links":{"self":[{"href":"https:\/\/www.agronetbrewing.com\/fr\/wp-json\/wp\/v2\/product\/21696","targetHints":{"allow":["GET"]}}],"collection":[{"href":"https:\/\/www.agronetbrewing.com\/fr\/wp-json\/wp\/v2\/product"}],"about":[{"href":"https:\/\/www.agronetbrewing.com\/fr\/wp-json\/wp\/v2\/types\/product"}],"version-history":[{"count":1,"href":"https:\/\/www.agronetbrewing.com\/fr\/wp-json\/wp\/v2\/product\/21696\/revisions"}],"predecessor-version":[{"id":21876,"href":"https:\/\/www.agronetbrewing.com\/fr\/wp-json\/wp\/v2\/product\/21696\/revisions\/21876"}],"wp:featuredmedia":[{"embeddable":true,"href":"https:\/\/www.agronetbrewing.com\/fr\/wp-json\/wp\/v2\/media\/21987"}],"wp:attachment":[{"href":"https:\/\/www.agronetbrewing.com\/fr\/wp-json\/wp\/v2\/media?parent=21696"}],"wp:term":[{"taxonomy":"pwb-brand","embeddable":true,"href":"https:\/\/www.agronetbrewing.com\/fr\/wp-json\/wp\/v2\/pwb-brand?post=21696"},{"taxonomy":"product_brand","embeddable":true,"href":"https:\/\/www.agronetbrewing.com\/fr\/wp-json\/wp\/v2\/product_brand?post=21696"},{"taxonomy":"product_cat","embeddable":true,"href":"https:\/\/www.agronetbrewing.com\/fr\/wp-json\/wp\/v2\/product_cat?post=21696"},{"taxonomy":"product_tag","embeddable":true,"href":"https:\/\/www.agronetbrewing.com\/fr\/wp-json\/wp\/v2\/product_tag?post=21696"}],"curies":[{"name":"wp","href":"https:\/\/api.w.org\/{rel}","templated":true}]}}