{"id":21715,"date":"2022-10-11T08:47:38","date_gmt":"2022-10-11T08:47:39","guid":{"rendered":"https:\/\/www.agronetbrewing.com\/?post_type=product&#038;p=21715"},"modified":"2022-10-13T08:57:28","modified_gmt":"2022-10-13T08:57:28","slug":"best-wheat-malt-fra","status":"publish","type":"product","link":"https:\/\/www.agronetbrewing.com\/fr\/productos\/malts\/best-wheat-malt-fra\/","title":{"rendered":"BEST Wheat Malt"},"content":{"rendered":"<p><\/p>\n","protected":false},"excerpt":{"rendered":"<p>BEST Wheat Malt est <em>le<\/em> malt de base pour toutes les vari\u00e9t\u00e9s de bi\u00e8re de bl\u00e9. Il assure une fra\u00eecheur acidul\u00e9e et le go\u00fbt typique de la bi\u00e8re de bl\u00e9 de fermentation haute. Il est produit exclusivement \u00e0 partir de bl\u00e9 de brasserie de haute qualit\u00e9.<br \/>\nPar rapport au BEST Pilsen Malt, le malt de bl\u00e9 a une teneur en prot\u00e9ines plus \u00e9lev\u00e9e et convient donc pour augmenter le caract\u00e8re cors\u00e9 et am\u00e9liorer la mousse des sp\u00e9cialit\u00e9s de bi\u00e8re de fermentation haute.<\/p>\n","protected":false},"featured_media":21991,"template":"","meta":[],"pwb-brand":[1009],"product_brand":[],"product_cat":[1008],"product_tag":[],"class_list":{"0":"post-21715","1":"product","2":"type-product","3":"status-publish","4":"has-post-thumbnail","6":"pwb-brand-best_malz","7":"product_cat-malts","9":"first","10":"instock","11":"taxable","12":"shipping-taxable","13":"product-type-variable","14":"customify-col"},"brands":[{"id":1009,"name":"BEST MALZ","slug":"best_malz"}],"_links":{"self":[{"href":"https:\/\/www.agronetbrewing.com\/fr\/wp-json\/wp\/v2\/product\/21715","targetHints":{"allow":["GET"]}}],"collection":[{"href":"https:\/\/www.agronetbrewing.com\/fr\/wp-json\/wp\/v2\/product"}],"about":[{"href":"https:\/\/www.agronetbrewing.com\/fr\/wp-json\/wp\/v2\/types\/product"}],"version-history":[{"count":1,"href":"https:\/\/www.agronetbrewing.com\/fr\/wp-json\/wp\/v2\/product\/21715\/revisions"}],"predecessor-version":[{"id":21875,"href":"https:\/\/www.agronetbrewing.com\/fr\/wp-json\/wp\/v2\/product\/21715\/revisions\/21875"}],"wp:featuredmedia":[{"embeddable":true,"href":"https:\/\/www.agronetbrewing.com\/fr\/wp-json\/wp\/v2\/media\/21991"}],"wp:attachment":[{"href":"https:\/\/www.agronetbrewing.com\/fr\/wp-json\/wp\/v2\/media?parent=21715"}],"wp:term":[{"taxonomy":"pwb-brand","embeddable":true,"href":"https:\/\/www.agronetbrewing.com\/fr\/wp-json\/wp\/v2\/pwb-brand?post=21715"},{"taxonomy":"product_brand","embeddable":true,"href":"https:\/\/www.agronetbrewing.com\/fr\/wp-json\/wp\/v2\/product_brand?post=21715"},{"taxonomy":"product_cat","embeddable":true,"href":"https:\/\/www.agronetbrewing.com\/fr\/wp-json\/wp\/v2\/product_cat?post=21715"},{"taxonomy":"product_tag","embeddable":true,"href":"https:\/\/www.agronetbrewing.com\/fr\/wp-json\/wp\/v2\/product_tag?post=21715"}],"curies":[{"name":"wp","href":"https:\/\/api.w.org\/{rel}","templated":true}]}}