{"id":21753,"date":"2022-10-11T09:11:17","date_gmt":"2022-10-11T09:11:18","guid":{"rendered":"https:\/\/www.agronetbrewing.com\/?post_type=product&#038;p=21753"},"modified":"2022-10-13T08:47:44","modified_gmt":"2022-10-13T08:47:44","slug":"best-smoked_fra","status":"publish","type":"product","link":"https:\/\/www.agronetbrewing.com\/fr\/productos\/malts\/best-smoked_fra\/","title":{"rendered":"BEST Smoked"},"content":{"rendered":"<p><\/p>\n","protected":false},"excerpt":{"rendered":"<p>BEST Smoked Malt est fum\u00e9 sur du bois de h\u00eatre du Jura franconien et conf\u00e8re \u00e0 la bi\u00e8re une saveur typique qui rappelle les feux de camp et le jambon fum\u00e9.<\/p>\n<p>Ce malt est id\u00e9al pour la production de bi\u00e8re et de whisky. Lors de la premi\u00e8re utilisation, il est recommand\u00e9 d&rsquo;utiliser 10% en vrac, ce qui peut \u00eatre augment\u00e9 jusqu&rsquo;\u00e0 100% gr\u00e2ce \u00e0 un pouvoir enzymatique \u00e9lev\u00e9. Lors du choix de la quantit\u00e9 \u00e0 utiliser, il faut tenir compte du fait que l&rsquo;ar\u00f4me de fum\u00e9e complet ne se d\u00e9veloppe g\u00e9n\u00e9ralement qu&rsquo;apr\u00e8s la fermentation et le stockage.<\/p>\n","protected":false},"featured_media":21989,"template":"","meta":[],"pwb-brand":[1009],"product_brand":[],"product_cat":[1008],"product_tag":[],"class_list":{"0":"post-21753","1":"product","2":"type-product","3":"status-publish","4":"has-post-thumbnail","6":"pwb-brand-best_malz","7":"product_cat-malts","9":"first","10":"instock","11":"taxable","12":"shipping-taxable","13":"product-type-variable","14":"customify-col"},"brands":[{"id":1009,"name":"BEST MALZ","slug":"best_malz"}],"_links":{"self":[{"href":"https:\/\/www.agronetbrewing.com\/fr\/wp-json\/wp\/v2\/product\/21753","targetHints":{"allow":["GET"]}}],"collection":[{"href":"https:\/\/www.agronetbrewing.com\/fr\/wp-json\/wp\/v2\/product"}],"about":[{"href":"https:\/\/www.agronetbrewing.com\/fr\/wp-json\/wp\/v2\/types\/product"}],"version-history":[{"count":1,"href":"https:\/\/www.agronetbrewing.com\/fr\/wp-json\/wp\/v2\/product\/21753\/revisions"}],"predecessor-version":[{"id":21873,"href":"https:\/\/www.agronetbrewing.com\/fr\/wp-json\/wp\/v2\/product\/21753\/revisions\/21873"}],"wp:featuredmedia":[{"embeddable":true,"href":"https:\/\/www.agronetbrewing.com\/fr\/wp-json\/wp\/v2\/media\/21989"}],"wp:attachment":[{"href":"https:\/\/www.agronetbrewing.com\/fr\/wp-json\/wp\/v2\/media?parent=21753"}],"wp:term":[{"taxonomy":"pwb-brand","embeddable":true,"href":"https:\/\/www.agronetbrewing.com\/fr\/wp-json\/wp\/v2\/pwb-brand?post=21753"},{"taxonomy":"product_brand","embeddable":true,"href":"https:\/\/www.agronetbrewing.com\/fr\/wp-json\/wp\/v2\/product_brand?post=21753"},{"taxonomy":"product_cat","embeddable":true,"href":"https:\/\/www.agronetbrewing.com\/fr\/wp-json\/wp\/v2\/product_cat?post=21753"},{"taxonomy":"product_tag","embeddable":true,"href":"https:\/\/www.agronetbrewing.com\/fr\/wp-json\/wp\/v2\/product_tag?post=21753"}],"curies":[{"name":"wp","href":"https:\/\/api.w.org\/{rel}","templated":true}]}}