{"id":21936,"date":"2022-10-14T11:04:42","date_gmt":"2022-10-14T11:04:43","guid":{"rendered":"https:\/\/www.agronetbrewing.com\/?post_type=product&#038;p=21936"},"modified":"2023-04-12T12:16:03","modified_gmt":"2023-04-12T12:16:03","slug":"pures-de-fruta-ultracongelada","status":"publish","type":"product","link":"https:\/\/www.agronetbrewing.com\/fr\/productos\/purees-de-fruits-surgelees\/pures-de-fruta-ultracongelada\/","title":{"rendered":"Pur\u00e9es de fruits surgel\u00e9es"},"content":{"rendered":"","protected":false},"excerpt":{"rendered":"<p>Les pur\u00e9es de fruits sont propos\u00e9es 100% fruit.<br \/>\nElles sont sans conservateur, sans colorant, sans additifs, sans OGM, ni \u00e9paississant.<br \/>\nLes atouts du 100% fruit : des produits bruts au go\u00fbt pur, vous permettant de doser la quantit\u00e9 de sucre qui vous convient.<\/p>\n<hr \/>\n<p>SAVEURS DISPONIBLES :<\/p>\n<ul>\n<li>AGRUMES : Bergamote, citron, citron de Syracuse, cl\u00e9mentine de Corse, citron vert, kalamansi, yuzu, mandarine, orange et orange am\u00e8re, orange sanguine et de Sicile, pamplemousse rose.<\/li>\n<\/ul>\n<p>&nbsp;<\/p>\n<ul>\n<li>FRUITS ROUGES : Cassis, cerise noire, myrtille et griotte, fraise des bois, fraise, fraise bio, framboise, framboise bio, griotte, groseille, mara des bois, m\u00fbre, fruits rouges.<\/li>\n<\/ul>\n<p>&nbsp;<\/p>\n<ul>\n<li>FRUITS TROPICAUX : Ananas, banane, sp\u00e9cialit\u00e9 citronnelle, noix de coco, goyave, grenade, kiwi, litchi, mangue,\u00a0 papaye, fruit de la passion, fruits tropicaux.<\/li>\n<\/ul>\n<p>&nbsp;<\/p>\n<ul>\n<li>FRUITS DU VERGER : Abricot, argousier, coing, figue, melon, mirabelle, melon d&rsquo;eau, p\u00eache blanche, p\u00eache sanguine, poire, pomme verte, prune de Damas, rhubarbe.<\/li>\n<\/ul>\n","protected":false},"featured_media":21950,"template":"","meta":[],"pwb-brand":[],"product_brand":[],"product_cat":[1024],"product_tag":[],"class_list":{"0":"post-21936","1":"product","2":"type-product","3":"status-publish","4":"has-post-thumbnail","6":"product_cat-purees-de-fruits-surgelees","8":"first","9":"instock","10":"taxable","11":"shipping-taxable","12":"product-type-variable","13":"customify-col"},"brands":[],"_links":{"self":[{"href":"https:\/\/www.agronetbrewing.com\/fr\/wp-json\/wp\/v2\/product\/21936","targetHints":{"allow":["GET"]}}],"collection":[{"href":"https:\/\/www.agronetbrewing.com\/fr\/wp-json\/wp\/v2\/product"}],"about":[{"href":"https:\/\/www.agronetbrewing.com\/fr\/wp-json\/wp\/v2\/types\/product"}],"version-history":[{"count":3,"href":"https:\/\/www.agronetbrewing.com\/fr\/wp-json\/wp\/v2\/product\/21936\/revisions"}],"predecessor-version":[{"id":22515,"href":"https:\/\/www.agronetbrewing.com\/fr\/wp-json\/wp\/v2\/product\/21936\/revisions\/22515"}],"wp:featuredmedia":[{"embeddable":true,"href":"https:\/\/www.agronetbrewing.com\/fr\/wp-json\/wp\/v2\/media\/21950"}],"wp:attachment":[{"href":"https:\/\/www.agronetbrewing.com\/fr\/wp-json\/wp\/v2\/media?parent=21936"}],"wp:term":[{"taxonomy":"pwb-brand","embeddable":true,"href":"https:\/\/www.agronetbrewing.com\/fr\/wp-json\/wp\/v2\/pwb-brand?post=21936"},{"taxonomy":"product_brand","embeddable":true,"href":"https:\/\/www.agronetbrewing.com\/fr\/wp-json\/wp\/v2\/product_brand?post=21936"},{"taxonomy":"product_cat","embeddable":true,"href":"https:\/\/www.agronetbrewing.com\/fr\/wp-json\/wp\/v2\/product_cat?post=21936"},{"taxonomy":"product_tag","embeddable":true,"href":"https:\/\/www.agronetbrewing.com\/fr\/wp-json\/wp\/v2\/product_tag?post=21936"}],"curies":[{"name":"wp","href":"https:\/\/api.w.org\/{rel}","templated":true}]}}