{"id":22055,"date":"2022-10-26T13:07:55","date_gmt":"2022-10-26T13:07:56","guid":{"rendered":"https:\/\/www.agronetbrewing.com\/?post_type=product&#038;p=22055"},"modified":"2022-10-28T09:40:03","modified_gmt":"2022-10-28T09:40:03","slug":"cascade-pellet-t90-crosby-hops","status":"publish","type":"product","link":"https:\/\/www.agronetbrewing.com\/fr\/productos\/malts\/cascade-pellet-t90-crosby-hops\/","title":{"rendered":"CASCADE"},"content":{"rendered":"","protected":false},"excerpt":{"rendered":"<p>\u00c9lev\u00e9e par l&rsquo;USDA dans l&rsquo;Oregon, du nom de la cha\u00eene de montagnes du Nord-Ouest, et lanc\u00e9e en 1972, Cascade est devenue la superstar am\u00e9ricaine, la vari\u00e9t\u00e9 la plus largement utilis\u00e9e dans l&rsquo;industrie de la bi\u00e8re artisanale obs\u00e9d\u00e9e par l&rsquo;IPA. Les ar\u00f4mes et les saveurs de fleurs et d&rsquo;agrumes de Cascade s&rsquo;harmonisent avec une amertume mod\u00e9r\u00e9e.<\/p>\n","protected":false},"featured_media":22071,"template":"","meta":[],"pwb-brand":[],"product_brand":[],"product_cat":[1008],"product_tag":[],"class_list":{"0":"post-22055","1":"product","2":"type-product","3":"status-publish","4":"has-post-thumbnail","6":"product_cat-malts","8":"first","9":"instock","10":"taxable","11":"shipping-taxable","12":"product-type-simple","13":"customify-col"},"brands":[],"_links":{"self":[{"href":"https:\/\/www.agronetbrewing.com\/fr\/wp-json\/wp\/v2\/product\/22055","targetHints":{"allow":["GET"]}}],"collection":[{"href":"https:\/\/www.agronetbrewing.com\/fr\/wp-json\/wp\/v2\/product"}],"about":[{"href":"https:\/\/www.agronetbrewing.com\/fr\/wp-json\/wp\/v2\/types\/product"}],"version-history":[{"count":3,"href":"https:\/\/www.agronetbrewing.com\/fr\/wp-json\/wp\/v2\/product\/22055\/revisions"}],"predecessor-version":[{"id":22164,"href":"https:\/\/www.agronetbrewing.com\/fr\/wp-json\/wp\/v2\/product\/22055\/revisions\/22164"}],"wp:featuredmedia":[{"embeddable":true,"href":"https:\/\/www.agronetbrewing.com\/fr\/wp-json\/wp\/v2\/media\/22071"}],"wp:attachment":[{"href":"https:\/\/www.agronetbrewing.com\/fr\/wp-json\/wp\/v2\/media?parent=22055"}],"wp:term":[{"taxonomy":"pwb-brand","embeddable":true,"href":"https:\/\/www.agronetbrewing.com\/fr\/wp-json\/wp\/v2\/pwb-brand?post=22055"},{"taxonomy":"product_brand","embeddable":true,"href":"https:\/\/www.agronetbrewing.com\/fr\/wp-json\/wp\/v2\/product_brand?post=22055"},{"taxonomy":"product_cat","embeddable":true,"href":"https:\/\/www.agronetbrewing.com\/fr\/wp-json\/wp\/v2\/product_cat?post=22055"},{"taxonomy":"product_tag","embeddable":true,"href":"https:\/\/www.agronetbrewing.com\/fr\/wp-json\/wp\/v2\/product_tag?post=22055"}],"curies":[{"name":"wp","href":"https:\/\/api.w.org\/{rel}","templated":true}]}}