{"id":22092,"date":"2022-10-26T13:39:25","date_gmt":"2022-10-26T13:39:26","guid":{"rendered":"https:\/\/www.agronetbrewing.com\/?post_type=product&#038;p=22092"},"modified":"2022-10-28T09:41:36","modified_gmt":"2022-10-28T09:41:36","slug":"centennial-pellet-t90-crosby-hops","status":"publish","type":"product","link":"https:\/\/www.agronetbrewing.com\/fr\/productos\/malts\/centennial-pellet-t90-crosby-hops\/","title":{"rendered":"CENNTENIAL"},"content":{"rendered":"","protected":false},"excerpt":{"rendered":"<p>Cette vari\u00e9t\u00e9 aromatique, pour laquelle Brewer&rsquo;s Gold a fourni les trois quarts de la g\u00e9n\u00e9tique, a \u00e9t\u00e9 lanc\u00e9e en 1990 et est l&rsquo;un des houblons les plus populaires dans le brassage artisanal aux \u00c9tats-Unis.<br \/>\nCentennial est souvent appel\u00e9e \u00ab\u00a0Super Cascade\u00a0\u00bb car elle poss\u00e8de un potentiel d&rsquo;amertume encore plus grand que ce c\u00e9l\u00e8bre houblon, m\u00eame si son go\u00fbt d&rsquo;agrumes est l\u00e9g\u00e8rement plus mod\u00e9r\u00e9.<\/p>\n","protected":false},"featured_media":22075,"template":"","meta":[],"pwb-brand":[],"product_brand":[],"product_cat":[1008],"product_tag":[],"class_list":{"0":"post-22092","1":"product","2":"type-product","3":"status-publish","4":"has-post-thumbnail","6":"product_cat-malts","8":"first","9":"instock","10":"taxable","11":"shipping-taxable","12":"product-type-simple","13":"customify-col"},"brands":[],"_links":{"self":[{"href":"https:\/\/www.agronetbrewing.com\/fr\/wp-json\/wp\/v2\/product\/22092","targetHints":{"allow":["GET"]}}],"collection":[{"href":"https:\/\/www.agronetbrewing.com\/fr\/wp-json\/wp\/v2\/product"}],"about":[{"href":"https:\/\/www.agronetbrewing.com\/fr\/wp-json\/wp\/v2\/types\/product"}],"version-history":[{"count":3,"href":"https:\/\/www.agronetbrewing.com\/fr\/wp-json\/wp\/v2\/product\/22092\/revisions"}],"predecessor-version":[{"id":22161,"href":"https:\/\/www.agronetbrewing.com\/fr\/wp-json\/wp\/v2\/product\/22092\/revisions\/22161"}],"wp:featuredmedia":[{"embeddable":true,"href":"https:\/\/www.agronetbrewing.com\/fr\/wp-json\/wp\/v2\/media\/22075"}],"wp:attachment":[{"href":"https:\/\/www.agronetbrewing.com\/fr\/wp-json\/wp\/v2\/media?parent=22092"}],"wp:term":[{"taxonomy":"pwb-brand","embeddable":true,"href":"https:\/\/www.agronetbrewing.com\/fr\/wp-json\/wp\/v2\/pwb-brand?post=22092"},{"taxonomy":"product_brand","embeddable":true,"href":"https:\/\/www.agronetbrewing.com\/fr\/wp-json\/wp\/v2\/product_brand?post=22092"},{"taxonomy":"product_cat","embeddable":true,"href":"https:\/\/www.agronetbrewing.com\/fr\/wp-json\/wp\/v2\/product_cat?post=22092"},{"taxonomy":"product_tag","embeddable":true,"href":"https:\/\/www.agronetbrewing.com\/fr\/wp-json\/wp\/v2\/product_tag?post=22092"}],"curies":[{"name":"wp","href":"https:\/\/api.w.org\/{rel}","templated":true}]}}