{"id":22140,"date":"2022-10-27T11:46:34","date_gmt":"2022-10-27T11:46:35","guid":{"rendered":"https:\/\/www.agronetbrewing.com\/?post_type=product&#038;p=22140"},"modified":"2022-10-28T08:49:13","modified_gmt":"2022-10-28T08:49:13","slug":"amarillo-3-2","status":"publish","type":"product","link":"https:\/\/www.agronetbrewing.com\/fr\/productos\/malts\/amarillo-3-2\/","title":{"rendered":"AMARILLO"},"content":{"rendered":"","protected":false},"excerpt":{"rendered":"<p>Convoit\u00e9e pour sa saveur et son ar\u00f4me audacieux d&rsquo;orange ou de mandarine, cette vari\u00e9t\u00e9 a \u00e9t\u00e9 d\u00e9couverte par les fermes Virgil Gamache de Washington. Bien qu&rsquo;il soit le plus populaire pour le houblonnage \u00e0 sec, Amarillo\u00ae est suffisamment polyvalent pour \u00eatre \u00e9galement utilis\u00e9 pour l&rsquo;amertume.<\/p>\n","protected":false},"featured_media":22067,"template":"","meta":[],"pwb-brand":[],"product_brand":[],"product_cat":[1008],"product_tag":[],"class_list":{"0":"post-22140","1":"product","2":"type-product","3":"status-publish","4":"has-post-thumbnail","6":"product_cat-malts","8":"first","9":"instock","10":"taxable","11":"shipping-taxable","12":"product-type-simple","13":"customify-col"},"brands":[],"_links":{"self":[{"href":"https:\/\/www.agronetbrewing.com\/fr\/wp-json\/wp\/v2\/product\/22140","targetHints":{"allow":["GET"]}}],"collection":[{"href":"https:\/\/www.agronetbrewing.com\/fr\/wp-json\/wp\/v2\/product"}],"about":[{"href":"https:\/\/www.agronetbrewing.com\/fr\/wp-json\/wp\/v2\/types\/product"}],"version-history":[{"count":2,"href":"https:\/\/www.agronetbrewing.com\/fr\/wp-json\/wp\/v2\/product\/22140\/revisions"}],"predecessor-version":[{"id":22159,"href":"https:\/\/www.agronetbrewing.com\/fr\/wp-json\/wp\/v2\/product\/22140\/revisions\/22159"}],"wp:featuredmedia":[{"embeddable":true,"href":"https:\/\/www.agronetbrewing.com\/fr\/wp-json\/wp\/v2\/media\/22067"}],"wp:attachment":[{"href":"https:\/\/www.agronetbrewing.com\/fr\/wp-json\/wp\/v2\/media?parent=22140"}],"wp:term":[{"taxonomy":"pwb-brand","embeddable":true,"href":"https:\/\/www.agronetbrewing.com\/fr\/wp-json\/wp\/v2\/pwb-brand?post=22140"},{"taxonomy":"product_brand","embeddable":true,"href":"https:\/\/www.agronetbrewing.com\/fr\/wp-json\/wp\/v2\/product_brand?post=22140"},{"taxonomy":"product_cat","embeddable":true,"href":"https:\/\/www.agronetbrewing.com\/fr\/wp-json\/wp\/v2\/product_cat?post=22140"},{"taxonomy":"product_tag","embeddable":true,"href":"https:\/\/www.agronetbrewing.com\/fr\/wp-json\/wp\/v2\/product_tag?post=22140"}],"curies":[{"name":"wp","href":"https:\/\/api.w.org\/{rel}","templated":true}]}}