{"id":22145,"date":"2022-10-27T12:03:07","date_gmt":"2022-10-27T12:03:07","guid":{"rendered":"https:\/\/www.agronetbrewing.com\/?post_type=product&#038;p=22145"},"modified":"2022-10-28T08:48:03","modified_gmt":"2022-10-28T08:48:03","slug":"belma","status":"publish","type":"product","link":"https:\/\/www.agronetbrewing.com\/fr\/productos\/malts\/belma\/","title":{"rendered":"BELMA"},"content":{"rendered":"","protected":false},"excerpt":{"rendered":"<p>Belma\u00ae est un c\u00e9page \u00e0 double usage nomm\u00e9 d&rsquo;apr\u00e8s la route menant aux fermes Puterbaugh de Washington, qui a trouv\u00e9 la plante poussant \u00e0 c\u00f4t\u00e9 de son installation de cueillette. Les caract\u00e9ristiques uniques de la fraise ainsi que du melon et d&rsquo;autres fruits en font un favori pour les Pale Ales.<\/p>\n<p><strong>Profil aromatique<\/strong>: Tropical\/Fruit, Fruit \u00e0 noyau, Baie.<\/p>\n","protected":false},"featured_media":22069,"template":"","meta":[],"pwb-brand":[],"product_brand":[],"product_cat":[1008],"product_tag":[],"class_list":{"0":"post-22145","1":"product","2":"type-product","3":"status-publish","4":"has-post-thumbnail","6":"product_cat-malts","8":"first","9":"instock","10":"taxable","11":"shipping-taxable","12":"product-type-simple","13":"customify-col"},"brands":[],"_links":{"self":[{"href":"https:\/\/www.agronetbrewing.com\/fr\/wp-json\/wp\/v2\/product\/22145","targetHints":{"allow":["GET"]}}],"collection":[{"href":"https:\/\/www.agronetbrewing.com\/fr\/wp-json\/wp\/v2\/product"}],"about":[{"href":"https:\/\/www.agronetbrewing.com\/fr\/wp-json\/wp\/v2\/types\/product"}],"version-history":[{"count":1,"href":"https:\/\/www.agronetbrewing.com\/fr\/wp-json\/wp\/v2\/product\/22145\/revisions"}],"predecessor-version":[{"id":22147,"href":"https:\/\/www.agronetbrewing.com\/fr\/wp-json\/wp\/v2\/product\/22145\/revisions\/22147"}],"wp:featuredmedia":[{"embeddable":true,"href":"https:\/\/www.agronetbrewing.com\/fr\/wp-json\/wp\/v2\/media\/22069"}],"wp:attachment":[{"href":"https:\/\/www.agronetbrewing.com\/fr\/wp-json\/wp\/v2\/media?parent=22145"}],"wp:term":[{"taxonomy":"pwb-brand","embeddable":true,"href":"https:\/\/www.agronetbrewing.com\/fr\/wp-json\/wp\/v2\/pwb-brand?post=22145"},{"taxonomy":"product_brand","embeddable":true,"href":"https:\/\/www.agronetbrewing.com\/fr\/wp-json\/wp\/v2\/product_brand?post=22145"},{"taxonomy":"product_cat","embeddable":true,"href":"https:\/\/www.agronetbrewing.com\/fr\/wp-json\/wp\/v2\/product_cat?post=22145"},{"taxonomy":"product_tag","embeddable":true,"href":"https:\/\/www.agronetbrewing.com\/fr\/wp-json\/wp\/v2\/product_tag?post=22145"}],"curies":[{"name":"wp","href":"https:\/\/api.w.org\/{rel}","templated":true}]}}