{"id":22151,"date":"2022-10-27T12:29:24","date_gmt":"2022-10-27T12:29:24","guid":{"rendered":"https:\/\/www.agronetbrewing.com\/?post_type=product&#038;p=22151"},"modified":"2022-10-28T08:45:46","modified_gmt":"2022-10-28T08:45:46","slug":"chinook-3","status":"publish","type":"product","link":"https:\/\/www.agronetbrewing.com\/fr\/productos\/malts\/chinook-3\/","title":{"rendered":"CHINOOK"},"content":{"rendered":"","protected":false},"excerpt":{"rendered":"<p>Alors que Cascade, Centennial et Columbus sont consid\u00e9r\u00e9s comme les trois C du brassage artisanal am\u00e9ricain, Chinook est souvent regroup\u00e9 en tant que quatri\u00e8me membre du groupe d&rsquo;\u00e9lite. Les agrumes prennent le pas sur le pin intense dans cette vari\u00e9t\u00e9 \u00e0 double usage \u00e0 haut alpha, lanc\u00e9e par le programme de s\u00e9lection de l&rsquo;USDA en 1985.<\/p>\n<p><strong>Profil aromatique:<\/strong> pin\/r\u00e9sineux, tropical\/fruit\u00e9, agrumes.<\/p>\n","protected":false},"featured_media":22077,"template":"","meta":[],"pwb-brand":[],"product_brand":[],"product_cat":[1008],"product_tag":[],"class_list":{"0":"post-22151","1":"product","2":"type-product","3":"status-publish","4":"has-post-thumbnail","6":"product_cat-malts","8":"first","9":"instock","10":"taxable","11":"shipping-taxable","12":"product-type-simple","13":"customify-col"},"brands":[],"_links":{"self":[{"href":"https:\/\/www.agronetbrewing.com\/fr\/wp-json\/wp\/v2\/product\/22151","targetHints":{"allow":["GET"]}}],"collection":[{"href":"https:\/\/www.agronetbrewing.com\/fr\/wp-json\/wp\/v2\/product"}],"about":[{"href":"https:\/\/www.agronetbrewing.com\/fr\/wp-json\/wp\/v2\/types\/product"}],"version-history":[{"count":1,"href":"https:\/\/www.agronetbrewing.com\/fr\/wp-json\/wp\/v2\/product\/22151\/revisions"}],"predecessor-version":[{"id":22155,"href":"https:\/\/www.agronetbrewing.com\/fr\/wp-json\/wp\/v2\/product\/22151\/revisions\/22155"}],"wp:featuredmedia":[{"embeddable":true,"href":"https:\/\/www.agronetbrewing.com\/fr\/wp-json\/wp\/v2\/media\/22077"}],"wp:attachment":[{"href":"https:\/\/www.agronetbrewing.com\/fr\/wp-json\/wp\/v2\/media?parent=22151"}],"wp:term":[{"taxonomy":"pwb-brand","embeddable":true,"href":"https:\/\/www.agronetbrewing.com\/fr\/wp-json\/wp\/v2\/pwb-brand?post=22151"},{"taxonomy":"product_brand","embeddable":true,"href":"https:\/\/www.agronetbrewing.com\/fr\/wp-json\/wp\/v2\/product_brand?post=22151"},{"taxonomy":"product_cat","embeddable":true,"href":"https:\/\/www.agronetbrewing.com\/fr\/wp-json\/wp\/v2\/product_cat?post=22151"},{"taxonomy":"product_tag","embeddable":true,"href":"https:\/\/www.agronetbrewing.com\/fr\/wp-json\/wp\/v2\/product_tag?post=22151"}],"curies":[{"name":"wp","href":"https:\/\/api.w.org\/{rel}","templated":true}]}}