{"id":22172,"date":"2022-10-28T07:54:54","date_gmt":"2022-10-28T07:54:54","guid":{"rendered":"https:\/\/www.agronetbrewing.com\/?post_type=product&#038;p=22172"},"modified":"2022-10-28T08:43:47","modified_gmt":"2022-10-28T08:43:47","slug":"idaho-7-3-fr","status":"publish","type":"product","link":"https:\/\/www.agronetbrewing.com\/fr\/productos\/malts\/idaho-7-3-fr\/","title":{"rendered":"IDAHO 7"},"content":{"rendered":"","protected":false},"excerpt":{"rendered":"<p>Nomm\u00e9 d&rsquo;apr\u00e8s son \u00e9tat d&rsquo;origine, ce houblon aromatique \u00e0 maturation tardive d\u00e9gouline pratiquement de fruits tropicaux et de noyaux juteux, soutenu par du pin collant et des notes plus faibles de th\u00e9 noir terreux. Il est parfait pour les ajouts tardifs, mais contient \u00e9galement suffisamment d&rsquo;acides alpha pour un bon amer.<\/p>\n","protected":false},"featured_media":22061,"template":"","meta":[],"pwb-brand":[],"product_brand":[],"product_cat":[1008],"product_tag":[],"class_list":{"0":"post-22172","1":"product","2":"type-product","3":"status-publish","4":"has-post-thumbnail","6":"product_cat-malts","8":"first","9":"instock","10":"taxable","11":"shipping-taxable","12":"product-type-simple","13":"customify-col"},"brands":[],"_links":{"self":[{"href":"https:\/\/www.agronetbrewing.com\/fr\/wp-json\/wp\/v2\/product\/22172","targetHints":{"allow":["GET"]}}],"collection":[{"href":"https:\/\/www.agronetbrewing.com\/fr\/wp-json\/wp\/v2\/product"}],"about":[{"href":"https:\/\/www.agronetbrewing.com\/fr\/wp-json\/wp\/v2\/types\/product"}],"version-history":[{"count":1,"href":"https:\/\/www.agronetbrewing.com\/fr\/wp-json\/wp\/v2\/product\/22172\/revisions"}],"predecessor-version":[{"id":22175,"href":"https:\/\/www.agronetbrewing.com\/fr\/wp-json\/wp\/v2\/product\/22172\/revisions\/22175"}],"wp:featuredmedia":[{"embeddable":true,"href":"https:\/\/www.agronetbrewing.com\/fr\/wp-json\/wp\/v2\/media\/22061"}],"wp:attachment":[{"href":"https:\/\/www.agronetbrewing.com\/fr\/wp-json\/wp\/v2\/media?parent=22172"}],"wp:term":[{"taxonomy":"pwb-brand","embeddable":true,"href":"https:\/\/www.agronetbrewing.com\/fr\/wp-json\/wp\/v2\/pwb-brand?post=22172"},{"taxonomy":"product_brand","embeddable":true,"href":"https:\/\/www.agronetbrewing.com\/fr\/wp-json\/wp\/v2\/product_brand?post=22172"},{"taxonomy":"product_cat","embeddable":true,"href":"https:\/\/www.agronetbrewing.com\/fr\/wp-json\/wp\/v2\/product_cat?post=22172"},{"taxonomy":"product_tag","embeddable":true,"href":"https:\/\/www.agronetbrewing.com\/fr\/wp-json\/wp\/v2\/product_tag?post=22172"}],"curies":[{"name":"wp","href":"https:\/\/api.w.org\/{rel}","templated":true}]}}