{"id":22188,"date":"2022-10-28T08:25:35","date_gmt":"2022-10-28T08:25:35","guid":{"rendered":"https:\/\/www.agronetbrewing.com\/?post_type=product&#038;p=22188"},"modified":"2022-10-28T08:41:23","modified_gmt":"2022-10-28T08:41:23","slug":"comet-fr","status":"publish","type":"product","link":"https:\/\/www.agronetbrewing.com\/fr\/productos\/malts\/comet-fr\/","title":{"rendered":"COMET"},"content":{"rendered":"","protected":false},"excerpt":{"rendered":"<p>Descrito por el USDA por tener un \u00ab\u00a0aroma salvaje americano que es objetable para algunos cerveceros\u00a0\u00bb, este l\u00fapulo alfa alto fue reemplazado por variedades s\u00faper alfa en la d\u00e9cada de 1980. Est\u00e1 regresando gracias a la nueva apreciaci\u00f3n de los cerveceros por la humedad herb\u00e1cea y de pomelo.<\/p>\n","protected":false},"featured_media":22081,"template":"","meta":[],"pwb-brand":[],"product_brand":[],"product_cat":[1008],"product_tag":[],"class_list":{"0":"post-22188","1":"product","2":"type-product","3":"status-publish","4":"has-post-thumbnail","6":"product_cat-malts","8":"first","9":"instock","10":"taxable","11":"shipping-taxable","12":"product-type-simple","13":"customify-col"},"brands":[],"_links":{"self":[{"href":"https:\/\/www.agronetbrewing.com\/fr\/wp-json\/wp\/v2\/product\/22188","targetHints":{"allow":["GET"]}}],"collection":[{"href":"https:\/\/www.agronetbrewing.com\/fr\/wp-json\/wp\/v2\/product"}],"about":[{"href":"https:\/\/www.agronetbrewing.com\/fr\/wp-json\/wp\/v2\/types\/product"}],"version-history":[{"count":1,"href":"https:\/\/www.agronetbrewing.com\/fr\/wp-json\/wp\/v2\/product\/22188\/revisions"}],"predecessor-version":[{"id":22190,"href":"https:\/\/www.agronetbrewing.com\/fr\/wp-json\/wp\/v2\/product\/22188\/revisions\/22190"}],"wp:featuredmedia":[{"embeddable":true,"href":"https:\/\/www.agronetbrewing.com\/fr\/wp-json\/wp\/v2\/media\/22081"}],"wp:attachment":[{"href":"https:\/\/www.agronetbrewing.com\/fr\/wp-json\/wp\/v2\/media?parent=22188"}],"wp:term":[{"taxonomy":"pwb-brand","embeddable":true,"href":"https:\/\/www.agronetbrewing.com\/fr\/wp-json\/wp\/v2\/pwb-brand?post=22188"},{"taxonomy":"product_brand","embeddable":true,"href":"https:\/\/www.agronetbrewing.com\/fr\/wp-json\/wp\/v2\/product_brand?post=22188"},{"taxonomy":"product_cat","embeddable":true,"href":"https:\/\/www.agronetbrewing.com\/fr\/wp-json\/wp\/v2\/product_cat?post=22188"},{"taxonomy":"product_tag","embeddable":true,"href":"https:\/\/www.agronetbrewing.com\/fr\/wp-json\/wp\/v2\/product_tag?post=22188"}],"curies":[{"name":"wp","href":"https:\/\/api.w.org\/{rel}","templated":true}]}}