{"id":22193,"date":"2022-10-28T09:44:48","date_gmt":"2022-10-28T09:44:48","guid":{"rendered":"https:\/\/www.agronetbrewing.com\/?post_type=product&#038;p=22193"},"modified":"2022-10-28T09:52:23","modified_gmt":"2022-10-28T09:52:23","slug":"strata-fr","status":"publish","type":"product","link":"https:\/\/www.agronetbrewing.com\/fr\/productos\/malts\/strata-fr\/","title":{"rendered":"STRATA"},"content":{"rendered":"","protected":false},"excerpt":{"rendered":"<p>Cette nouvelle vari\u00e9t\u00e9, une ramification \u00e0 pollinisation libre de Perle, est sortie triomphante du programme ind\u00e9pendant de s\u00e9lection de houblon dans l&rsquo;\u00c9tat de l&rsquo;Oregon en 2009. Une forte r\u00e9sistance aux maladies et une croissance vigoureuse produisent des c\u00f4nes respectueux de l&rsquo;IPA et de Lager d\u00e9bordant de saveurs de houblon. ar\u00f4mes enivrants d&rsquo;agrumes et de cannabis sucr\u00e9.<\/p>\n","protected":false},"featured_media":22063,"template":"","meta":[],"pwb-brand":[],"product_brand":[],"product_cat":[1008],"product_tag":[],"class_list":{"0":"post-22193","1":"product","2":"type-product","3":"status-publish","4":"has-post-thumbnail","6":"product_cat-malts","8":"first","9":"instock","10":"taxable","11":"shipping-taxable","12":"product-type-simple","13":"customify-col"},"brands":[],"_links":{"self":[{"href":"https:\/\/www.agronetbrewing.com\/fr\/wp-json\/wp\/v2\/product\/22193","targetHints":{"allow":["GET"]}}],"collection":[{"href":"https:\/\/www.agronetbrewing.com\/fr\/wp-json\/wp\/v2\/product"}],"about":[{"href":"https:\/\/www.agronetbrewing.com\/fr\/wp-json\/wp\/v2\/types\/product"}],"version-history":[{"count":2,"href":"https:\/\/www.agronetbrewing.com\/fr\/wp-json\/wp\/v2\/product\/22193\/revisions"}],"predecessor-version":[{"id":22197,"href":"https:\/\/www.agronetbrewing.com\/fr\/wp-json\/wp\/v2\/product\/22193\/revisions\/22197"}],"wp:featuredmedia":[{"embeddable":true,"href":"https:\/\/www.agronetbrewing.com\/fr\/wp-json\/wp\/v2\/media\/22063"}],"wp:attachment":[{"href":"https:\/\/www.agronetbrewing.com\/fr\/wp-json\/wp\/v2\/media?parent=22193"}],"wp:term":[{"taxonomy":"pwb-brand","embeddable":true,"href":"https:\/\/www.agronetbrewing.com\/fr\/wp-json\/wp\/v2\/pwb-brand?post=22193"},{"taxonomy":"product_brand","embeddable":true,"href":"https:\/\/www.agronetbrewing.com\/fr\/wp-json\/wp\/v2\/product_brand?post=22193"},{"taxonomy":"product_cat","embeddable":true,"href":"https:\/\/www.agronetbrewing.com\/fr\/wp-json\/wp\/v2\/product_cat?post=22193"},{"taxonomy":"product_tag","embeddable":true,"href":"https:\/\/www.agronetbrewing.com\/fr\/wp-json\/wp\/v2\/product_tag?post=22193"}],"curies":[{"name":"wp","href":"https:\/\/api.w.org\/{rel}","templated":true}]}}