{"id":22200,"date":"2022-10-28T09:57:05","date_gmt":"2022-10-28T09:57:06","guid":{"rendered":"https:\/\/www.agronetbrewing.com\/?post_type=product&#038;p=22200"},"modified":"2022-10-28T10:09:18","modified_gmt":"2022-10-28T10:09:18","slug":"zappa-fra","status":"publish","type":"product","link":"https:\/\/www.agronetbrewing.com\/fr\/productos\/malts\/zappa-fra\/","title":{"rendered":"ZAPPA"},"content":{"rendered":"","protected":false},"excerpt":{"rendered":"<p>Nomm\u00e9 d&rsquo;apr\u00e8s Frank Zappa, en collaboration avec la famille Zappa, ce houblon est aussi contre-culturel que le musicien lui-m\u00eame. S\u00e9lectionn\u00e9 par Tom Nielsen de la Sierra Nevada et \u00e9lev\u00e9 par Eric Desmarais de CLS Farms, Tom l&rsquo;a d\u00e9crit comme ayant \u00ab\u00a0un piquant unique, avec une mangue pleine, soutenue par des caract\u00e9ristiques d&rsquo;agrumes fortes, d\u00e9licieusement savoureuses et fortes du pin \u00e0 feuilles caduques\u00a0\u00bb.<\/p>\n","protected":false},"featured_media":22063,"template":"","meta":[],"pwb-brand":[],"product_brand":[],"product_cat":[1008],"product_tag":[],"class_list":{"0":"post-22200","1":"product","2":"type-product","3":"status-publish","4":"has-post-thumbnail","6":"product_cat-malts","8":"first","9":"instock","10":"taxable","11":"shipping-taxable","12":"product-type-simple","13":"customify-col"},"brands":[],"_links":{"self":[{"href":"https:\/\/www.agronetbrewing.com\/fr\/wp-json\/wp\/v2\/product\/22200","targetHints":{"allow":["GET"]}}],"collection":[{"href":"https:\/\/www.agronetbrewing.com\/fr\/wp-json\/wp\/v2\/product"}],"about":[{"href":"https:\/\/www.agronetbrewing.com\/fr\/wp-json\/wp\/v2\/types\/product"}],"version-history":[{"count":1,"href":"https:\/\/www.agronetbrewing.com\/fr\/wp-json\/wp\/v2\/product\/22200\/revisions"}],"predecessor-version":[{"id":22202,"href":"https:\/\/www.agronetbrewing.com\/fr\/wp-json\/wp\/v2\/product\/22200\/revisions\/22202"}],"wp:featuredmedia":[{"embeddable":true,"href":"https:\/\/www.agronetbrewing.com\/fr\/wp-json\/wp\/v2\/media\/22063"}],"wp:attachment":[{"href":"https:\/\/www.agronetbrewing.com\/fr\/wp-json\/wp\/v2\/media?parent=22200"}],"wp:term":[{"taxonomy":"pwb-brand","embeddable":true,"href":"https:\/\/www.agronetbrewing.com\/fr\/wp-json\/wp\/v2\/pwb-brand?post=22200"},{"taxonomy":"product_brand","embeddable":true,"href":"https:\/\/www.agronetbrewing.com\/fr\/wp-json\/wp\/v2\/product_brand?post=22200"},{"taxonomy":"product_cat","embeddable":true,"href":"https:\/\/www.agronetbrewing.com\/fr\/wp-json\/wp\/v2\/product_cat?post=22200"},{"taxonomy":"product_tag","embeddable":true,"href":"https:\/\/www.agronetbrewing.com\/fr\/wp-json\/wp\/v2\/product_tag?post=22200"}],"curies":[{"name":"wp","href":"https:\/\/api.w.org\/{rel}","templated":true}]}}