{"id":22242,"date":"2022-11-02T11:05:20","date_gmt":"2022-11-02T11:05:21","guid":{"rendered":"https:\/\/www.agronetbrewing.com\/?post_type=product&#038;p=22242"},"modified":"2022-11-02T13:23:32","modified_gmt":"2022-11-02T13:23:32","slug":"nelson-sauvin-fr","status":"publish","type":"product","link":"https:\/\/www.agronetbrewing.com\/fr\/productos\/houblons\/hop-revolution-fra\/nelson-sauvin-fr\/","title":{"rendered":"NELSON SAUVIN\u2122"},"content":{"rendered":"","protected":false},"excerpt":{"rendered":"<p>Nomm\u00e9 d&rsquo;apr\u00e8s sa provenance, le houblon Nelson Sauvin a un profil aromatique similaire \u00e0 celui du c\u00e9page Sauvignon Blanc. Les saveurs de fruit de la passion, de cassis, de p\u00eache et de citron vert abondent. En fait, certains brasseurs pr\u00e9tendent m\u00eame pouvoir d\u00e9tecter des notes de kiwi et de fruit de la passion.<\/p>\n<p>En raison de son profil d&rsquo;huile de houblon complexe, Nelson Sauvin\u2122 peut op\u00e9rer sa magie comme houblon aromatique, houblon aromatique ou m\u00eame pour l&rsquo;amertume.Id\u00e9al pour les Pale Ales de style am\u00e9ricain avec un fort caract\u00e8re houblonn\u00e9, jusqu&rsquo;aux plus grandes Lagers d\u00e9licates.<\/p>\n","protected":false},"featured_media":22278,"template":"","meta":[],"pwb-brand":[1028],"product_brand":[],"product_cat":[1030],"product_tag":[],"class_list":{"0":"post-22242","1":"product","2":"type-product","3":"status-publish","4":"has-post-thumbnail","6":"pwb-brand-hop_revolution-2","7":"product_cat-hop-revolution-fra","9":"first","10":"instock","11":"taxable","12":"shipping-taxable","13":"product-type-simple","14":"customify-col"},"brands":[{"id":1028,"name":"HOP REVOLUTION","slug":"hop_revolution-2"}],"_links":{"self":[{"href":"https:\/\/www.agronetbrewing.com\/fr\/wp-json\/wp\/v2\/product\/22242","targetHints":{"allow":["GET"]}}],"collection":[{"href":"https:\/\/www.agronetbrewing.com\/fr\/wp-json\/wp\/v2\/product"}],"about":[{"href":"https:\/\/www.agronetbrewing.com\/fr\/wp-json\/wp\/v2\/types\/product"}],"version-history":[{"count":1,"href":"https:\/\/www.agronetbrewing.com\/fr\/wp-json\/wp\/v2\/product\/22242\/revisions"}],"predecessor-version":[{"id":22248,"href":"https:\/\/www.agronetbrewing.com\/fr\/wp-json\/wp\/v2\/product\/22242\/revisions\/22248"}],"wp:featuredmedia":[{"embeddable":true,"href":"https:\/\/www.agronetbrewing.com\/fr\/wp-json\/wp\/v2\/media\/22278"}],"wp:attachment":[{"href":"https:\/\/www.agronetbrewing.com\/fr\/wp-json\/wp\/v2\/media?parent=22242"}],"wp:term":[{"taxonomy":"pwb-brand","embeddable":true,"href":"https:\/\/www.agronetbrewing.com\/fr\/wp-json\/wp\/v2\/pwb-brand?post=22242"},{"taxonomy":"product_brand","embeddable":true,"href":"https:\/\/www.agronetbrewing.com\/fr\/wp-json\/wp\/v2\/product_brand?post=22242"},{"taxonomy":"product_cat","embeddable":true,"href":"https:\/\/www.agronetbrewing.com\/fr\/wp-json\/wp\/v2\/product_cat?post=22242"},{"taxonomy":"product_tag","embeddable":true,"href":"https:\/\/www.agronetbrewing.com\/fr\/wp-json\/wp\/v2\/product_tag?post=22242"}],"curies":[{"name":"wp","href":"https:\/\/api.w.org\/{rel}","templated":true}]}}