{"id":22251,"date":"2022-11-02T11:19:16","date_gmt":"2022-11-02T11:19:16","guid":{"rendered":"https:\/\/www.agronetbrewing.com\/?post_type=product&#038;p=22251"},"modified":"2022-11-02T13:02:36","modified_gmt":"2022-11-02T13:02:36","slug":"riwaka_fr","status":"publish","type":"product","link":"https:\/\/www.agronetbrewing.com\/fr\/productos\/houblons\/hop-revolution-fra\/riwaka_fr\/","title":{"rendered":"RIWAKA\u2122"},"content":{"rendered":"","protected":false},"excerpt":{"rendered":"<p>Riwaka\u2122 a une r\u00e9putation de rock star, mais dans ce cas il la m\u00e9rite. Le houblon Riwaka a de puissantes saveurs d&rsquo;agrumes, en particulier de pamplemousse.<\/p>\n<p>Avec un rapport d&rsquo;acides alpha et b\u00eata de pr\u00e8s de 1:1, ils lui conf\u00e8rent une forte note d&rsquo;agrumes sucr\u00e9s.<\/p>\n<p>Essayez le houblon Riwaka dans les Pale Ales et Pilsners, et n&rsquo;importe quelle bi\u00e8re o\u00f9 vous voulez que les houblons fruit\u00e9s audacieux brillent.<\/p>\n","protected":false},"featured_media":22282,"template":"","meta":[],"pwb-brand":[1028],"product_brand":[],"product_cat":[1030],"product_tag":[],"class_list":{"0":"post-22251","1":"product","2":"type-product","3":"status-publish","4":"has-post-thumbnail","6":"pwb-brand-hop_revolution-2","7":"product_cat-hop-revolution-fra","9":"first","10":"instock","11":"taxable","12":"shipping-taxable","13":"product-type-simple","14":"customify-col"},"brands":[{"id":1028,"name":"HOP REVOLUTION","slug":"hop_revolution-2"}],"_links":{"self":[{"href":"https:\/\/www.agronetbrewing.com\/fr\/wp-json\/wp\/v2\/product\/22251","targetHints":{"allow":["GET"]}}],"collection":[{"href":"https:\/\/www.agronetbrewing.com\/fr\/wp-json\/wp\/v2\/product"}],"about":[{"href":"https:\/\/www.agronetbrewing.com\/fr\/wp-json\/wp\/v2\/types\/product"}],"version-history":[{"count":1,"href":"https:\/\/www.agronetbrewing.com\/fr\/wp-json\/wp\/v2\/product\/22251\/revisions"}],"predecessor-version":[{"id":22253,"href":"https:\/\/www.agronetbrewing.com\/fr\/wp-json\/wp\/v2\/product\/22251\/revisions\/22253"}],"wp:featuredmedia":[{"embeddable":true,"href":"https:\/\/www.agronetbrewing.com\/fr\/wp-json\/wp\/v2\/media\/22282"}],"wp:attachment":[{"href":"https:\/\/www.agronetbrewing.com\/fr\/wp-json\/wp\/v2\/media?parent=22251"}],"wp:term":[{"taxonomy":"pwb-brand","embeddable":true,"href":"https:\/\/www.agronetbrewing.com\/fr\/wp-json\/wp\/v2\/pwb-brand?post=22251"},{"taxonomy":"product_brand","embeddable":true,"href":"https:\/\/www.agronetbrewing.com\/fr\/wp-json\/wp\/v2\/product_brand?post=22251"},{"taxonomy":"product_cat","embeddable":true,"href":"https:\/\/www.agronetbrewing.com\/fr\/wp-json\/wp\/v2\/product_cat?post=22251"},{"taxonomy":"product_tag","embeddable":true,"href":"https:\/\/www.agronetbrewing.com\/fr\/wp-json\/wp\/v2\/product_tag?post=22251"}],"curies":[{"name":"wp","href":"https:\/\/api.w.org\/{rel}","templated":true}]}}