{"id":22256,"date":"2022-11-02T11:33:35","date_gmt":"2022-11-02T11:33:36","guid":{"rendered":"https:\/\/www.agronetbrewing.com\/?post_type=product&#038;p=22256"},"modified":"2022-11-02T11:42:19","modified_gmt":"2022-11-02T11:42:19","slug":"motueka_fr","status":"publish","type":"product","link":"https:\/\/www.agronetbrewing.com\/fr\/productos\/houblons\/hop-revolution-fra\/motueka_fr\/","title":{"rendered":"MOTUEKA\u2122"},"content":{"rendered":"","protected":false},"excerpt":{"rendered":"<p>Motueka\u2122 est une v\u00e9ritable salade de fruits tropicaux, mais aussi teint\u00e9e de basilic et de romarin.<\/p>\n<p>Un houblon pratique \u00e0 double usage qui brille \u00e9galement lorsqu&rsquo;il est ajout\u00e9 t\u00f4t \u00e0 votre bouilloire, jusqu&rsquo;au houblonnage \u00e0 sec.<\/p>\n<p>Laissez-le jouer dans une bi\u00e8re blonde ou pilsner et fonctionne particuli\u00e8rement bien avec des bi\u00e8res malt\u00e9es plus sucr\u00e9es.<\/p>\n","protected":false},"featured_media":22274,"template":"","meta":[],"pwb-brand":[1028],"product_brand":[],"product_cat":[1030],"product_tag":[],"class_list":{"0":"post-22256","1":"product","2":"type-product","3":"status-publish","4":"has-post-thumbnail","6":"pwb-brand-hop_revolution-2","7":"product_cat-hop-revolution-fra","9":"first","10":"instock","11":"taxable","12":"shipping-taxable","13":"product-type-simple","14":"customify-col"},"brands":[{"id":1028,"name":"HOP REVOLUTION","slug":"hop_revolution-2"}],"_links":{"self":[{"href":"https:\/\/www.agronetbrewing.com\/fr\/wp-json\/wp\/v2\/product\/22256","targetHints":{"allow":["GET"]}}],"collection":[{"href":"https:\/\/www.agronetbrewing.com\/fr\/wp-json\/wp\/v2\/product"}],"about":[{"href":"https:\/\/www.agronetbrewing.com\/fr\/wp-json\/wp\/v2\/types\/product"}],"version-history":[{"count":1,"href":"https:\/\/www.agronetbrewing.com\/fr\/wp-json\/wp\/v2\/product\/22256\/revisions"}],"predecessor-version":[{"id":22259,"href":"https:\/\/www.agronetbrewing.com\/fr\/wp-json\/wp\/v2\/product\/22256\/revisions\/22259"}],"wp:featuredmedia":[{"embeddable":true,"href":"https:\/\/www.agronetbrewing.com\/fr\/wp-json\/wp\/v2\/media\/22274"}],"wp:attachment":[{"href":"https:\/\/www.agronetbrewing.com\/fr\/wp-json\/wp\/v2\/media?parent=22256"}],"wp:term":[{"taxonomy":"pwb-brand","embeddable":true,"href":"https:\/\/www.agronetbrewing.com\/fr\/wp-json\/wp\/v2\/pwb-brand?post=22256"},{"taxonomy":"product_brand","embeddable":true,"href":"https:\/\/www.agronetbrewing.com\/fr\/wp-json\/wp\/v2\/product_brand?post=22256"},{"taxonomy":"product_cat","embeddable":true,"href":"https:\/\/www.agronetbrewing.com\/fr\/wp-json\/wp\/v2\/product_cat?post=22256"},{"taxonomy":"product_tag","embeddable":true,"href":"https:\/\/www.agronetbrewing.com\/fr\/wp-json\/wp\/v2\/product_tag?post=22256"}],"curies":[{"name":"wp","href":"https:\/\/api.w.org\/{rel}","templated":true}]}}