{"id":22269,"date":"2022-11-02T12:39:04","date_gmt":"2022-11-02T12:39:05","guid":{"rendered":"https:\/\/www.agronetbrewing.com\/?post_type=product&#038;p=22269"},"modified":"2022-11-02T12:45:06","modified_gmt":"2022-11-02T12:45:06","slug":"pacific-sunrise_fr","status":"publish","type":"product","link":"https:\/\/www.agronetbrewing.com\/fr\/productos\/houblons\/hop-revolution-fra\/pacific-sunrise_fr\/","title":{"rendered":"PACIFIC SUNRISE\u2122"},"content":{"rendered":"","protected":false},"excerpt":{"rendered":"<p>Pacific Sunrise\u2122 est une v\u00e9ritable vari\u00e9t\u00e9 qui passe inaper\u00e7ue et Hop Revolution est le premier producteur \u00e0 la planter \u00e0 l&rsquo;\u00e9chelle commerciale. Pacific Sunrise \u2122 a \u00e9t\u00e9 lanc\u00e9 par Hort Research de Nouvelle-Z\u00e9lande en 2000.<\/p>\n<p>Le citron et les agrumes orange sont le moteur de cette vari\u00e9t\u00e9 hop-forward, avec des touches tropicales de melon et de mangue. Les fruits \u00e0 noyau et la douceur confitur\u00e9e soutiennent les ar\u00f4mes initiaux de premi\u00e8re ligne aux c\u00f4t\u00e9s d&rsquo;agr\u00e9ables notes florales qui aident \u00e0 compl\u00e9ter le profil global. Des notes subtiles mais remarquables de pin et de baies se r\u00e9fractent \u00e0 travers l&rsquo;ar\u00f4me avec des morceaux persistants de foin et d&rsquo;herbes qui restent dans leur all\u00e9e et ne sont pas g\u00eanants.<\/p>\n","protected":false},"featured_media":22280,"template":"","meta":[],"pwb-brand":[1028],"product_brand":[],"product_cat":[1030],"product_tag":[],"class_list":{"0":"post-22269","1":"product","2":"type-product","3":"status-publish","4":"has-post-thumbnail","6":"pwb-brand-hop_revolution-2","7":"product_cat-hop-revolution-fra","9":"first","10":"instock","11":"taxable","12":"shipping-taxable","13":"product-type-simple","14":"customify-col"},"brands":[{"id":1028,"name":"HOP REVOLUTION","slug":"hop_revolution-2"}],"_links":{"self":[{"href":"https:\/\/www.agronetbrewing.com\/fr\/wp-json\/wp\/v2\/product\/22269","targetHints":{"allow":["GET"]}}],"collection":[{"href":"https:\/\/www.agronetbrewing.com\/fr\/wp-json\/wp\/v2\/product"}],"about":[{"href":"https:\/\/www.agronetbrewing.com\/fr\/wp-json\/wp\/v2\/types\/product"}],"version-history":[{"count":1,"href":"https:\/\/www.agronetbrewing.com\/fr\/wp-json\/wp\/v2\/product\/22269\/revisions"}],"predecessor-version":[{"id":22272,"href":"https:\/\/www.agronetbrewing.com\/fr\/wp-json\/wp\/v2\/product\/22269\/revisions\/22272"}],"wp:featuredmedia":[{"embeddable":true,"href":"https:\/\/www.agronetbrewing.com\/fr\/wp-json\/wp\/v2\/media\/22280"}],"wp:attachment":[{"href":"https:\/\/www.agronetbrewing.com\/fr\/wp-json\/wp\/v2\/media?parent=22269"}],"wp:term":[{"taxonomy":"pwb-brand","embeddable":true,"href":"https:\/\/www.agronetbrewing.com\/fr\/wp-json\/wp\/v2\/pwb-brand?post=22269"},{"taxonomy":"product_brand","embeddable":true,"href":"https:\/\/www.agronetbrewing.com\/fr\/wp-json\/wp\/v2\/product_brand?post=22269"},{"taxonomy":"product_cat","embeddable":true,"href":"https:\/\/www.agronetbrewing.com\/fr\/wp-json\/wp\/v2\/product_cat?post=22269"},{"taxonomy":"product_tag","embeddable":true,"href":"https:\/\/www.agronetbrewing.com\/fr\/wp-json\/wp\/v2\/product_tag?post=22269"}],"curies":[{"name":"wp","href":"https:\/\/api.w.org\/{rel}","templated":true}]}}